{"id":380,"date":"2024-09-23T12:27:35","date_gmt":"2024-09-23T10:27:35","guid":{"rendered":"https:\/\/iomk.es\/devel\/paisnaturd\/?post_type=product&#038;p=380"},"modified":"2025-12-17T12:50:35","modified_gmt":"2025-12-17T11:50:35","slug":"ruta-del-mango","status":"publish","type":"product","link":"https:\/\/paisnaturd.com\/agencia-turistica\/producto\/ruta-del-mango\/","title":{"rendered":"Ruta del Mango"},"content":{"rendered":"<p><b>\u00bfQu\u00e9 es la Ruta del Mango? <\/b><span style=\"font-weight: 400;\">Es una experiencia cultural y gastron\u00f3mica que se centra en el cultivo y la celebraci\u00f3n del mango, una fruta emblem\u00e1tica del pa\u00eds. La ruta permite a los visitantes explorar las \u00e1reas productoras de mango, aprender sobre los procesos de cultivo y disfrutar de las diversas variedades de esta fruta que se exporta a nivel mundial.<\/span><\/p>\n<p><b>\u00bfD\u00f3nde se desarrolla? <\/b><span style=\"font-weight: 400;\">Esta ruta tiene lugar en Ban\u00ed, un municipio ubicado en la provincia de Peravia, conocido como la \u00abcapital del mango\u00bb en el pa\u00eds. Ban\u00ed es famosa por su clima seco y soleado, ideal para el cultivo del mango. Las \u00e1reas circundantes de esta localidad albergan grandes plantaciones que producen mangos tanto para consumo local como para exportaci\u00f3n. Adem\u00e1s, la ruta incluye visitas a ferias, mercados y fincas donde se cultivan m\u00e1s de siete variedades de mango.<\/span><\/p>\n<p><b>\u00bfCu\u00e1ndo se desarrolla? <\/b><span style=\"font-weight: 400;\">La temporada del mango en Ban\u00ed comienza a finales de mayo, alcanzando su punto \u00e1lgido en los primeros d\u00edas de junio. Durante este periodo, se celebra la Feria del Mango, un evento anual que atrae a miles de visitantes nacionales e internacionales. La feria tiene lugar en la Plaza del Ayuntamiento de Ban\u00ed y ofrece una variedad de actividades, como degustaciones de mangos, talleres y exposiciones sobre su producci\u00f3n y comercializaci\u00f3n.<\/span><\/p>\n","protected":false},"excerpt":{"rendered":"<p>\u00bfQu\u00e9 es la Ruta del Mango? Es una experiencia cultural y gastron\u00f3mica que se centra en el cultivo y la celebraci\u00f3n del mango, una fruta emblem\u00e1tica del pa\u00eds. La ruta permite a los visitantes explorar las \u00e1reas productoras de mango, aprender sobre los procesos de cultivo y disfrutar de las diversas variedades de esta fruta [&hellip;]<\/p>\n","protected":false},"featured_media":1263,"comment_status":"open","ping_status":"closed","template":"","meta":{"_acf_changed":false,"inline_featured_image":false},"product_brand":[],"product_cat":[23],"product_tag":[28],"class_list":{"0":"post-380","1":"product","2":"type-product","3":"status-publish","4":"has-post-thumbnail","6":"product_cat-rutas","7":"product_tag-gastronomica","9":"first","10":"instock","11":"shipping-taxable","12":"purchasable","13":"product-type-variable"},"acf":[],"yoast_head":"<!-- This site is optimized with the Yoast SEO plugin v26.6 - https:\/\/yoast.com\/wordpress\/plugins\/seo\/ -->\n<title>Ruta del Mango - Paisnaturd<\/title>\n<meta name=\"robots\" content=\"index, follow, max-snippet:-1, max-image-preview:large, max-video-preview:-1\" \/>\n<link rel=\"canonical\" href=\"https:\/\/paisnaturd.com\/agencia-turistica\/producto\/ruta-del-mango\/\" \/>\n<meta property=\"og:locale\" content=\"es_ES\" \/>\n<meta property=\"og:type\" content=\"article\" \/>\n<meta property=\"og:title\" content=\"Ruta del Mango - Paisnaturd\" \/>\n<meta property=\"og:description\" content=\"\u00bfQu\u00e9 es la Ruta del Mango? Es una experiencia cultural y gastron\u00f3mica que se centra en el cultivo y la celebraci\u00f3n del mango, una fruta emblem\u00e1tica del pa\u00eds. La ruta permite a los visitantes explorar las \u00e1reas productoras de mango, aprender sobre los procesos de cultivo y disfrutar de las diversas variedades de esta fruta [&hellip;]\" \/>\n<meta property=\"og:url\" content=\"https:\/\/paisnaturd.com\/agencia-turistica\/producto\/ruta-del-mango\/\" \/>\n<meta property=\"og:site_name\" content=\"Paisnaturd\" \/>\n<meta property=\"article:modified_time\" content=\"2025-12-17T11:50:35+00:00\" \/>\n<meta property=\"og:image\" content=\"https:\/\/paisnaturd.com\/agencia-turistica\/wp-content\/uploads\/2024\/09\/ruta-mango-paisnaturd-scaled.jpg\" \/>\n\t<meta property=\"og:image:width\" content=\"2560\" \/>\n\t<meta property=\"og:image:height\" content=\"1707\" \/>\n\t<meta property=\"og:image:type\" content=\"image\/jpeg\" \/>\n<meta name=\"twitter:card\" content=\"summary_large_image\" \/>\n<meta name=\"twitter:label1\" content=\"Tiempo de lectura\" \/>\n\t<meta name=\"twitter:data1\" content=\"2 minutos\" \/>\n<script type=\"application\/ld+json\" class=\"yoast-schema-graph\">{\"@context\":\"https:\/\/schema.org\",\"@graph\":[{\"@type\":\"WebPage\",\"@id\":\"https:\/\/paisnaturd.com\/agencia-turistica\/producto\/ruta-del-mango\/\",\"url\":\"https:\/\/paisnaturd.com\/agencia-turistica\/producto\/ruta-del-mango\/\",\"name\":\"Ruta del Mango - Paisnaturd\",\"isPartOf\":{\"@id\":\"https:\/\/paisnaturd.com\/agencia-turistica\/#website\"},\"primaryImageOfPage\":{\"@id\":\"https:\/\/paisnaturd.com\/agencia-turistica\/producto\/ruta-del-mango\/#primaryimage\"},\"image\":{\"@id\":\"https:\/\/paisnaturd.com\/agencia-turistica\/producto\/ruta-del-mango\/#primaryimage\"},\"thumbnailUrl\":\"https:\/\/paisnaturd.com\/agencia-turistica\/wp-content\/uploads\/2024\/09\/ruta-mango-paisnaturd-scaled.jpg\",\"datePublished\":\"2024-09-23T10:27:35+00:00\",\"dateModified\":\"2025-12-17T11:50:35+00:00\",\"breadcrumb\":{\"@id\":\"https:\/\/paisnaturd.com\/agencia-turistica\/producto\/ruta-del-mango\/#breadcrumb\"},\"inLanguage\":\"es\",\"potentialAction\":[{\"@type\":\"ReadAction\",\"target\":[\"https:\/\/paisnaturd.com\/agencia-turistica\/producto\/ruta-del-mango\/\"]}]},{\"@type\":\"ImageObject\",\"inLanguage\":\"es\",\"@id\":\"https:\/\/paisnaturd.com\/agencia-turistica\/producto\/ruta-del-mango\/#primaryimage\",\"url\":\"https:\/\/paisnaturd.com\/agencia-turistica\/wp-content\/uploads\/2024\/09\/ruta-mango-paisnaturd-scaled.jpg\",\"contentUrl\":\"https:\/\/paisnaturd.com\/agencia-turistica\/wp-content\/uploads\/2024\/09\/ruta-mango-paisnaturd-scaled.jpg\",\"width\":2560,\"height\":1707},{\"@type\":\"BreadcrumbList\",\"@id\":\"https:\/\/paisnaturd.com\/agencia-turistica\/producto\/ruta-del-mango\/#breadcrumb\",\"itemListElement\":[{\"@type\":\"ListItem\",\"position\":1,\"name\":\"Portada\",\"item\":\"https:\/\/paisnaturd.com\/agencia-turistica\/\"},{\"@type\":\"ListItem\",\"position\":2,\"name\":\"Tienda\",\"item\":\"https:\/\/paisnaturd.com\/agencia-turistica\/tienda\/\"},{\"@type\":\"ListItem\",\"position\":3,\"name\":\"Ruta del Mango\"}]},{\"@type\":\"WebSite\",\"@id\":\"https:\/\/paisnaturd.com\/agencia-turistica\/#website\",\"url\":\"https:\/\/paisnaturd.com\/agencia-turistica\/\",\"name\":\"Paisnaturd\",\"description\":\"Agencia tur\u00edstica PaisnatuRD\",\"publisher\":{\"@id\":\"https:\/\/paisnaturd.com\/agencia-turistica\/#organization\"},\"potentialAction\":[{\"@type\":\"SearchAction\",\"target\":{\"@type\":\"EntryPoint\",\"urlTemplate\":\"https:\/\/paisnaturd.com\/agencia-turistica\/?s={search_term_string}\"},\"query-input\":{\"@type\":\"PropertyValueSpecification\",\"valueRequired\":true,\"valueName\":\"search_term_string\"}}],\"inLanguage\":\"es\"},{\"@type\":\"Organization\",\"@id\":\"https:\/\/paisnaturd.com\/agencia-turistica\/#organization\",\"name\":\"Paisnaturd\",\"url\":\"https:\/\/paisnaturd.com\/agencia-turistica\/\",\"logo\":{\"@type\":\"ImageObject\",\"inLanguage\":\"es\",\"@id\":\"https:\/\/paisnaturd.com\/agencia-turistica\/#\/schema\/logo\/image\/\",\"url\":\"https:\/\/paisnaturd.com\/agencia-turistica\/wp-content\/uploads\/2024\/09\/Logo-Paisnaturd.png\",\"contentUrl\":\"https:\/\/paisnaturd.com\/agencia-turistica\/wp-content\/uploads\/2024\/09\/Logo-Paisnaturd.png\",\"width\":327,\"height\":142,\"caption\":\"Paisnaturd\"},\"image\":{\"@id\":\"https:\/\/paisnaturd.com\/agencia-turistica\/#\/schema\/logo\/image\/\"}}]}<\/script>\n<!-- \/ Yoast SEO plugin. -->","yoast_head_json":{"title":"Ruta del Mango - Paisnaturd","robots":{"index":"index","follow":"follow","max-snippet":"max-snippet:-1","max-image-preview":"max-image-preview:large","max-video-preview":"max-video-preview:-1"},"canonical":"https:\/\/paisnaturd.com\/agencia-turistica\/producto\/ruta-del-mango\/","og_locale":"es_ES","og_type":"article","og_title":"Ruta del Mango - Paisnaturd","og_description":"\u00bfQu\u00e9 es la Ruta del Mango? Es una experiencia cultural y gastron\u00f3mica que se centra en el cultivo y la celebraci\u00f3n del mango, una fruta emblem\u00e1tica del pa\u00eds. La ruta permite a los visitantes explorar las \u00e1reas productoras de mango, aprender sobre los procesos de cultivo y disfrutar de las diversas variedades de esta fruta [&hellip;]","og_url":"https:\/\/paisnaturd.com\/agencia-turistica\/producto\/ruta-del-mango\/","og_site_name":"Paisnaturd","article_modified_time":"2025-12-17T11:50:35+00:00","og_image":[{"width":2560,"height":1707,"url":"https:\/\/paisnaturd.com\/agencia-turistica\/wp-content\/uploads\/2024\/09\/ruta-mango-paisnaturd-scaled.jpg","type":"image\/jpeg"}],"twitter_card":"summary_large_image","twitter_misc":{"Tiempo de lectura":"2 minutos"},"schema":{"@context":"https:\/\/schema.org","@graph":[{"@type":"WebPage","@id":"https:\/\/paisnaturd.com\/agencia-turistica\/producto\/ruta-del-mango\/","url":"https:\/\/paisnaturd.com\/agencia-turistica\/producto\/ruta-del-mango\/","name":"Ruta del Mango - Paisnaturd","isPartOf":{"@id":"https:\/\/paisnaturd.com\/agencia-turistica\/#website"},"primaryImageOfPage":{"@id":"https:\/\/paisnaturd.com\/agencia-turistica\/producto\/ruta-del-mango\/#primaryimage"},"image":{"@id":"https:\/\/paisnaturd.com\/agencia-turistica\/producto\/ruta-del-mango\/#primaryimage"},"thumbnailUrl":"https:\/\/paisnaturd.com\/agencia-turistica\/wp-content\/uploads\/2024\/09\/ruta-mango-paisnaturd-scaled.jpg","datePublished":"2024-09-23T10:27:35+00:00","dateModified":"2025-12-17T11:50:35+00:00","breadcrumb":{"@id":"https:\/\/paisnaturd.com\/agencia-turistica\/producto\/ruta-del-mango\/#breadcrumb"},"inLanguage":"es","potentialAction":[{"@type":"ReadAction","target":["https:\/\/paisnaturd.com\/agencia-turistica\/producto\/ruta-del-mango\/"]}]},{"@type":"ImageObject","inLanguage":"es","@id":"https:\/\/paisnaturd.com\/agencia-turistica\/producto\/ruta-del-mango\/#primaryimage","url":"https:\/\/paisnaturd.com\/agencia-turistica\/wp-content\/uploads\/2024\/09\/ruta-mango-paisnaturd-scaled.jpg","contentUrl":"https:\/\/paisnaturd.com\/agencia-turistica\/wp-content\/uploads\/2024\/09\/ruta-mango-paisnaturd-scaled.jpg","width":2560,"height":1707},{"@type":"BreadcrumbList","@id":"https:\/\/paisnaturd.com\/agencia-turistica\/producto\/ruta-del-mango\/#breadcrumb","itemListElement":[{"@type":"ListItem","position":1,"name":"Portada","item":"https:\/\/paisnaturd.com\/agencia-turistica\/"},{"@type":"ListItem","position":2,"name":"Tienda","item":"https:\/\/paisnaturd.com\/agencia-turistica\/tienda\/"},{"@type":"ListItem","position":3,"name":"Ruta del Mango"}]},{"@type":"WebSite","@id":"https:\/\/paisnaturd.com\/agencia-turistica\/#website","url":"https:\/\/paisnaturd.com\/agencia-turistica\/","name":"Paisnaturd","description":"Agencia tur\u00edstica PaisnatuRD","publisher":{"@id":"https:\/\/paisnaturd.com\/agencia-turistica\/#organization"},"potentialAction":[{"@type":"SearchAction","target":{"@type":"EntryPoint","urlTemplate":"https:\/\/paisnaturd.com\/agencia-turistica\/?s={search_term_string}"},"query-input":{"@type":"PropertyValueSpecification","valueRequired":true,"valueName":"search_term_string"}}],"inLanguage":"es"},{"@type":"Organization","@id":"https:\/\/paisnaturd.com\/agencia-turistica\/#organization","name":"Paisnaturd","url":"https:\/\/paisnaturd.com\/agencia-turistica\/","logo":{"@type":"ImageObject","inLanguage":"es","@id":"https:\/\/paisnaturd.com\/agencia-turistica\/#\/schema\/logo\/image\/","url":"https:\/\/paisnaturd.com\/agencia-turistica\/wp-content\/uploads\/2024\/09\/Logo-Paisnaturd.png","contentUrl":"https:\/\/paisnaturd.com\/agencia-turistica\/wp-content\/uploads\/2024\/09\/Logo-Paisnaturd.png","width":327,"height":142,"caption":"Paisnaturd"},"image":{"@id":"https:\/\/paisnaturd.com\/agencia-turistica\/#\/schema\/logo\/image\/"}}]}},"_links":{"self":[{"href":"https:\/\/paisnaturd.com\/agencia-turistica\/wp-json\/wp\/v2\/product\/380","targetHints":{"allow":["GET"]}}],"collection":[{"href":"https:\/\/paisnaturd.com\/agencia-turistica\/wp-json\/wp\/v2\/product"}],"about":[{"href":"https:\/\/paisnaturd.com\/agencia-turistica\/wp-json\/wp\/v2\/types\/product"}],"replies":[{"embeddable":true,"href":"https:\/\/paisnaturd.com\/agencia-turistica\/wp-json\/wp\/v2\/comments?post=380"}],"version-history":[{"count":0,"href":"https:\/\/paisnaturd.com\/agencia-turistica\/wp-json\/wp\/v2\/product\/380\/revisions"}],"wp:featuredmedia":[{"embeddable":true,"href":"https:\/\/paisnaturd.com\/agencia-turistica\/wp-json\/wp\/v2\/media\/1263"}],"wp:attachment":[{"href":"https:\/\/paisnaturd.com\/agencia-turistica\/wp-json\/wp\/v2\/media?parent=380"}],"wp:term":[{"taxonomy":"product_brand","embeddable":true,"href":"https:\/\/paisnaturd.com\/agencia-turistica\/wp-json\/wp\/v2\/product_brand?post=380"},{"taxonomy":"product_cat","embeddable":true,"href":"https:\/\/paisnaturd.com\/agencia-turistica\/wp-json\/wp\/v2\/product_cat?post=380"},{"taxonomy":"product_tag","embeddable":true,"href":"https:\/\/paisnaturd.com\/agencia-turistica\/wp-json\/wp\/v2\/product_tag?post=380"}],"curies":[{"name":"wp","href":"https:\/\/api.w.org\/{rel}","templated":true}]}}