{"id":377,"date":"2024-09-23T12:26:23","date_gmt":"2024-09-23T10:26:23","guid":{"rendered":"https:\/\/iomk.es\/devel\/paisnaturd\/?post_type=product&#038;p=377"},"modified":"2025-12-17T12:51:17","modified_gmt":"2025-12-17T11:51:17","slug":"ruta-del-ron","status":"publish","type":"product","link":"https:\/\/paisnaturd.com\/agencia-turistica\/producto\/ruta-del-ron\/","title":{"rendered":"Ruta del Ron"},"content":{"rendered":"<p><b>\u00bfQu\u00e9 es la Ruta del Ron<\/b><span style=\"font-weight: 400;\">? Es una ruta que ofrece un recorrido que explora la rica tradici\u00f3n ronera del pa\u00eds, uno de los principales productores de esta bebida en el Caribe. A lo largo de esta ruta, los visitantes pueden conocer la historia y el proceso de elaboraci\u00f3n del ron dominicano, desde la cosecha de la ca\u00f1a de az\u00facar hasta la destilaci\u00f3n y a\u00f1ejamiento.<\/span><\/p>\n<p><b>\u00bfD\u00f3nde se desarrolla? <\/b><span style=\"font-weight: 400;\">La ruta recorre algunas de las destiler\u00edas m\u00e1s famosas del pa\u00eds. Entre los destinos principales se encuentran San Pedro de Macor\u00eds, hogar de Ron Barcel\u00f3, donde los visitantes pueden recorrer el Centro Hist\u00f3rico Ron Barcel\u00f3. Otro punto importante es Puerto Plata, donde se encuentra la Macorix House of Rum, una experiencia interactiva que permite a los visitantes probar diferentes variedades de ron y conocer el proceso de envejecimiento en barricas.<\/span><\/p>\n<p><b>\u00bfCu\u00e1ndo se desarrolla? <\/b><span style=\"font-weight: 400;\">Las visitas a estas destiler\u00edas y museos est\u00e1n disponibles todo el a\u00f1o, con horarios espec\u00edficos para las visitas guiadas y degustaciones. Las reservas suelen ser necesarias en algunos lugares, como en el Centro Hist\u00f3rico Ron Barcel\u00f3 y Macorix House of Rum.<\/span><\/p>\n","protected":false},"excerpt":{"rendered":"<p>\u00bfQu\u00e9 es la Ruta del Ron? Es una ruta que ofrece un recorrido que explora la rica tradici\u00f3n ronera del pa\u00eds, uno de los principales productores de esta bebida en el Caribe. A lo largo de esta ruta, los visitantes pueden conocer la historia y el proceso de elaboraci\u00f3n del ron dominicano, desde la cosecha [&hellip;]<\/p>\n","protected":false},"featured_media":1262,"comment_status":"open","ping_status":"closed","template":"","meta":{"_acf_changed":false,"inline_featured_image":false},"product_brand":[],"product_cat":[23],"product_tag":[28],"class_list":{"0":"post-377","1":"product","2":"type-product","3":"status-publish","4":"has-post-thumbnail","6":"product_cat-rutas","7":"product_tag-gastronomica","9":"first","10":"instock","11":"shipping-taxable","12":"purchasable","13":"product-type-variable"},"acf":[],"yoast_head":"<!-- This site is optimized with the Yoast SEO plugin v26.6 - https:\/\/yoast.com\/wordpress\/plugins\/seo\/ -->\n<title>Ruta del Ron - Paisnaturd<\/title>\n<meta name=\"robots\" content=\"index, follow, max-snippet:-1, max-image-preview:large, max-video-preview:-1\" \/>\n<link rel=\"canonical\" href=\"https:\/\/paisnaturd.com\/agencia-turistica\/producto\/ruta-del-ron\/\" \/>\n<meta property=\"og:locale\" content=\"es_ES\" \/>\n<meta property=\"og:type\" content=\"article\" \/>\n<meta property=\"og:title\" content=\"Ruta del Ron - Paisnaturd\" \/>\n<meta property=\"og:description\" content=\"\u00bfQu\u00e9 es la Ruta del Ron? Es una ruta que ofrece un recorrido que explora la rica tradici\u00f3n ronera del pa\u00eds, uno de los principales productores de esta bebida en el Caribe. A lo largo de esta ruta, los visitantes pueden conocer la historia y el proceso de elaboraci\u00f3n del ron dominicano, desde la cosecha [&hellip;]\" \/>\n<meta property=\"og:url\" content=\"https:\/\/paisnaturd.com\/agencia-turistica\/producto\/ruta-del-ron\/\" \/>\n<meta property=\"og:site_name\" content=\"Paisnaturd\" \/>\n<meta property=\"article:modified_time\" content=\"2025-12-17T11:51:17+00:00\" \/>\n<meta property=\"og:image\" content=\"https:\/\/paisnaturd.com\/agencia-turistica\/wp-content\/uploads\/2024\/09\/ruta-ron-paisnaturd-scaled.jpg\" \/>\n\t<meta property=\"og:image:width\" content=\"2560\" \/>\n\t<meta property=\"og:image:height\" content=\"1680\" \/>\n\t<meta property=\"og:image:type\" content=\"image\/jpeg\" \/>\n<meta name=\"twitter:card\" content=\"summary_large_image\" \/>\n<meta name=\"twitter:label1\" content=\"Tiempo de lectura\" \/>\n\t<meta name=\"twitter:data1\" content=\"2 minutos\" \/>\n<script type=\"application\/ld+json\" class=\"yoast-schema-graph\">{\"@context\":\"https:\/\/schema.org\",\"@graph\":[{\"@type\":\"WebPage\",\"@id\":\"https:\/\/paisnaturd.com\/agencia-turistica\/producto\/ruta-del-ron\/\",\"url\":\"https:\/\/paisnaturd.com\/agencia-turistica\/producto\/ruta-del-ron\/\",\"name\":\"Ruta del Ron - Paisnaturd\",\"isPartOf\":{\"@id\":\"https:\/\/paisnaturd.com\/agencia-turistica\/#website\"},\"primaryImageOfPage\":{\"@id\":\"https:\/\/paisnaturd.com\/agencia-turistica\/producto\/ruta-del-ron\/#primaryimage\"},\"image\":{\"@id\":\"https:\/\/paisnaturd.com\/agencia-turistica\/producto\/ruta-del-ron\/#primaryimage\"},\"thumbnailUrl\":\"https:\/\/paisnaturd.com\/agencia-turistica\/wp-content\/uploads\/2024\/09\/ruta-ron-paisnaturd-scaled.jpg\",\"datePublished\":\"2024-09-23T10:26:23+00:00\",\"dateModified\":\"2025-12-17T11:51:17+00:00\",\"breadcrumb\":{\"@id\":\"https:\/\/paisnaturd.com\/agencia-turistica\/producto\/ruta-del-ron\/#breadcrumb\"},\"inLanguage\":\"es\",\"potentialAction\":[{\"@type\":\"ReadAction\",\"target\":[\"https:\/\/paisnaturd.com\/agencia-turistica\/producto\/ruta-del-ron\/\"]}]},{\"@type\":\"ImageObject\",\"inLanguage\":\"es\",\"@id\":\"https:\/\/paisnaturd.com\/agencia-turistica\/producto\/ruta-del-ron\/#primaryimage\",\"url\":\"https:\/\/paisnaturd.com\/agencia-turistica\/wp-content\/uploads\/2024\/09\/ruta-ron-paisnaturd-scaled.jpg\",\"contentUrl\":\"https:\/\/paisnaturd.com\/agencia-turistica\/wp-content\/uploads\/2024\/09\/ruta-ron-paisnaturd-scaled.jpg\",\"width\":2560,\"height\":1680,\"caption\":\"The bartender pours the dark golden rum in glass on the old bar counter. Vintage wooden background in pub or bar, night mood. Place for text, toning, selective focus\"},{\"@type\":\"BreadcrumbList\",\"@id\":\"https:\/\/paisnaturd.com\/agencia-turistica\/producto\/ruta-del-ron\/#breadcrumb\",\"itemListElement\":[{\"@type\":\"ListItem\",\"position\":1,\"name\":\"Portada\",\"item\":\"https:\/\/paisnaturd.com\/agencia-turistica\/\"},{\"@type\":\"ListItem\",\"position\":2,\"name\":\"Tienda\",\"item\":\"https:\/\/paisnaturd.com\/agencia-turistica\/tienda\/\"},{\"@type\":\"ListItem\",\"position\":3,\"name\":\"Ruta del Ron\"}]},{\"@type\":\"WebSite\",\"@id\":\"https:\/\/paisnaturd.com\/agencia-turistica\/#website\",\"url\":\"https:\/\/paisnaturd.com\/agencia-turistica\/\",\"name\":\"Paisnaturd\",\"description\":\"Agencia tur\u00edstica PaisnatuRD\",\"publisher\":{\"@id\":\"https:\/\/paisnaturd.com\/agencia-turistica\/#organization\"},\"potentialAction\":[{\"@type\":\"SearchAction\",\"target\":{\"@type\":\"EntryPoint\",\"urlTemplate\":\"https:\/\/paisnaturd.com\/agencia-turistica\/?s={search_term_string}\"},\"query-input\":{\"@type\":\"PropertyValueSpecification\",\"valueRequired\":true,\"valueName\":\"search_term_string\"}}],\"inLanguage\":\"es\"},{\"@type\":\"Organization\",\"@id\":\"https:\/\/paisnaturd.com\/agencia-turistica\/#organization\",\"name\":\"Paisnaturd\",\"url\":\"https:\/\/paisnaturd.com\/agencia-turistica\/\",\"logo\":{\"@type\":\"ImageObject\",\"inLanguage\":\"es\",\"@id\":\"https:\/\/paisnaturd.com\/agencia-turistica\/#\/schema\/logo\/image\/\",\"url\":\"https:\/\/paisnaturd.com\/agencia-turistica\/wp-content\/uploads\/2024\/09\/Logo-Paisnaturd.png\",\"contentUrl\":\"https:\/\/paisnaturd.com\/agencia-turistica\/wp-content\/uploads\/2024\/09\/Logo-Paisnaturd.png\",\"width\":327,\"height\":142,\"caption\":\"Paisnaturd\"},\"image\":{\"@id\":\"https:\/\/paisnaturd.com\/agencia-turistica\/#\/schema\/logo\/image\/\"}}]}<\/script>\n<!-- \/ Yoast SEO plugin. -->","yoast_head_json":{"title":"Ruta del Ron - Paisnaturd","robots":{"index":"index","follow":"follow","max-snippet":"max-snippet:-1","max-image-preview":"max-image-preview:large","max-video-preview":"max-video-preview:-1"},"canonical":"https:\/\/paisnaturd.com\/agencia-turistica\/producto\/ruta-del-ron\/","og_locale":"es_ES","og_type":"article","og_title":"Ruta del Ron - Paisnaturd","og_description":"\u00bfQu\u00e9 es la Ruta del Ron? Es una ruta que ofrece un recorrido que explora la rica tradici\u00f3n ronera del pa\u00eds, uno de los principales productores de esta bebida en el Caribe. A lo largo de esta ruta, los visitantes pueden conocer la historia y el proceso de elaboraci\u00f3n del ron dominicano, desde la cosecha [&hellip;]","og_url":"https:\/\/paisnaturd.com\/agencia-turistica\/producto\/ruta-del-ron\/","og_site_name":"Paisnaturd","article_modified_time":"2025-12-17T11:51:17+00:00","og_image":[{"width":2560,"height":1680,"url":"https:\/\/paisnaturd.com\/agencia-turistica\/wp-content\/uploads\/2024\/09\/ruta-ron-paisnaturd-scaled.jpg","type":"image\/jpeg"}],"twitter_card":"summary_large_image","twitter_misc":{"Tiempo de lectura":"2 minutos"},"schema":{"@context":"https:\/\/schema.org","@graph":[{"@type":"WebPage","@id":"https:\/\/paisnaturd.com\/agencia-turistica\/producto\/ruta-del-ron\/","url":"https:\/\/paisnaturd.com\/agencia-turistica\/producto\/ruta-del-ron\/","name":"Ruta del Ron - Paisnaturd","isPartOf":{"@id":"https:\/\/paisnaturd.com\/agencia-turistica\/#website"},"primaryImageOfPage":{"@id":"https:\/\/paisnaturd.com\/agencia-turistica\/producto\/ruta-del-ron\/#primaryimage"},"image":{"@id":"https:\/\/paisnaturd.com\/agencia-turistica\/producto\/ruta-del-ron\/#primaryimage"},"thumbnailUrl":"https:\/\/paisnaturd.com\/agencia-turistica\/wp-content\/uploads\/2024\/09\/ruta-ron-paisnaturd-scaled.jpg","datePublished":"2024-09-23T10:26:23+00:00","dateModified":"2025-12-17T11:51:17+00:00","breadcrumb":{"@id":"https:\/\/paisnaturd.com\/agencia-turistica\/producto\/ruta-del-ron\/#breadcrumb"},"inLanguage":"es","potentialAction":[{"@type":"ReadAction","target":["https:\/\/paisnaturd.com\/agencia-turistica\/producto\/ruta-del-ron\/"]}]},{"@type":"ImageObject","inLanguage":"es","@id":"https:\/\/paisnaturd.com\/agencia-turistica\/producto\/ruta-del-ron\/#primaryimage","url":"https:\/\/paisnaturd.com\/agencia-turistica\/wp-content\/uploads\/2024\/09\/ruta-ron-paisnaturd-scaled.jpg","contentUrl":"https:\/\/paisnaturd.com\/agencia-turistica\/wp-content\/uploads\/2024\/09\/ruta-ron-paisnaturd-scaled.jpg","width":2560,"height":1680,"caption":"The bartender pours the dark golden rum in glass on the old bar counter. Vintage wooden background in pub or bar, night mood. Place for text, toning, selective focus"},{"@type":"BreadcrumbList","@id":"https:\/\/paisnaturd.com\/agencia-turistica\/producto\/ruta-del-ron\/#breadcrumb","itemListElement":[{"@type":"ListItem","position":1,"name":"Portada","item":"https:\/\/paisnaturd.com\/agencia-turistica\/"},{"@type":"ListItem","position":2,"name":"Tienda","item":"https:\/\/paisnaturd.com\/agencia-turistica\/tienda\/"},{"@type":"ListItem","position":3,"name":"Ruta del Ron"}]},{"@type":"WebSite","@id":"https:\/\/paisnaturd.com\/agencia-turistica\/#website","url":"https:\/\/paisnaturd.com\/agencia-turistica\/","name":"Paisnaturd","description":"Agencia tur\u00edstica PaisnatuRD","publisher":{"@id":"https:\/\/paisnaturd.com\/agencia-turistica\/#organization"},"potentialAction":[{"@type":"SearchAction","target":{"@type":"EntryPoint","urlTemplate":"https:\/\/paisnaturd.com\/agencia-turistica\/?s={search_term_string}"},"query-input":{"@type":"PropertyValueSpecification","valueRequired":true,"valueName":"search_term_string"}}],"inLanguage":"es"},{"@type":"Organization","@id":"https:\/\/paisnaturd.com\/agencia-turistica\/#organization","name":"Paisnaturd","url":"https:\/\/paisnaturd.com\/agencia-turistica\/","logo":{"@type":"ImageObject","inLanguage":"es","@id":"https:\/\/paisnaturd.com\/agencia-turistica\/#\/schema\/logo\/image\/","url":"https:\/\/paisnaturd.com\/agencia-turistica\/wp-content\/uploads\/2024\/09\/Logo-Paisnaturd.png","contentUrl":"https:\/\/paisnaturd.com\/agencia-turistica\/wp-content\/uploads\/2024\/09\/Logo-Paisnaturd.png","width":327,"height":142,"caption":"Paisnaturd"},"image":{"@id":"https:\/\/paisnaturd.com\/agencia-turistica\/#\/schema\/logo\/image\/"}}]}},"_links":{"self":[{"href":"https:\/\/paisnaturd.com\/agencia-turistica\/wp-json\/wp\/v2\/product\/377","targetHints":{"allow":["GET"]}}],"collection":[{"href":"https:\/\/paisnaturd.com\/agencia-turistica\/wp-json\/wp\/v2\/product"}],"about":[{"href":"https:\/\/paisnaturd.com\/agencia-turistica\/wp-json\/wp\/v2\/types\/product"}],"replies":[{"embeddable":true,"href":"https:\/\/paisnaturd.com\/agencia-turistica\/wp-json\/wp\/v2\/comments?post=377"}],"version-history":[{"count":0,"href":"https:\/\/paisnaturd.com\/agencia-turistica\/wp-json\/wp\/v2\/product\/377\/revisions"}],"wp:featuredmedia":[{"embeddable":true,"href":"https:\/\/paisnaturd.com\/agencia-turistica\/wp-json\/wp\/v2\/media\/1262"}],"wp:attachment":[{"href":"https:\/\/paisnaturd.com\/agencia-turistica\/wp-json\/wp\/v2\/media?parent=377"}],"wp:term":[{"taxonomy":"product_brand","embeddable":true,"href":"https:\/\/paisnaturd.com\/agencia-turistica\/wp-json\/wp\/v2\/product_brand?post=377"},{"taxonomy":"product_cat","embeddable":true,"href":"https:\/\/paisnaturd.com\/agencia-turistica\/wp-json\/wp\/v2\/product_cat?post=377"},{"taxonomy":"product_tag","embeddable":true,"href":"https:\/\/paisnaturd.com\/agencia-turistica\/wp-json\/wp\/v2\/product_tag?post=377"}],"curies":[{"name":"wp","href":"https:\/\/api.w.org\/{rel}","templated":true}]}}