{"id":374,"date":"2024-09-23T12:24:03","date_gmt":"2024-09-23T10:24:03","guid":{"rendered":"https:\/\/iomk.es\/devel\/paisnaturd\/?post_type=product&#038;p=374"},"modified":"2025-12-17T12:52:00","modified_gmt":"2025-12-17T11:52:00","slug":"ruta-del-mofongo","status":"publish","type":"product","link":"https:\/\/paisnaturd.com\/agencia-turistica\/producto\/ruta-del-mofongo\/","title":{"rendered":"Ruta del Mofongo"},"content":{"rendered":"<p><b>\u00bfQu\u00e9 es la Ruta del Mofongo? <\/b><span style=\"font-weight: 400;\">Es un recorrido gastron\u00f3mico que se centra en la degustaci\u00f3n del mofongo, un plato emblem\u00e1tico de la cocina caribe\u00f1a, especialmente popular en la Rep\u00fablica Dominicana. Este plato se elabora machacando pl\u00e1tanos verdes fritos con ajo y aceite, y se puede rellenar con diferentes ingredientes como carne de cerdo (chicharr\u00f3n), mariscos, o vegetales.<\/span><\/p>\n<p><b>\u00bfD\u00f3nde se desarrolla? <\/b><span style=\"font-weight: 400;\">Moca es conocida por una variante local del mofongo, al igual que otras ciudades que destacan este plato en su oferta culinaria.<\/span><\/p>\n<p><b>\u00bfCu\u00e1ndo se desarrolla? <\/b><span style=\"font-weight: 400;\">La Ruta del Mofongo no tiene una temporada fija, ya que es una experiencia culinaria que est\u00e1 disponible durante todo el a\u00f1o en restaurantes y locales especializados.<\/span><\/p>\n","protected":false},"excerpt":{"rendered":"<p>\u00bfQu\u00e9 es la Ruta del Mofongo? Es un recorrido gastron\u00f3mico que se centra en la degustaci\u00f3n del mofongo, un plato emblem\u00e1tico de la cocina caribe\u00f1a, especialmente popular en la Rep\u00fablica Dominicana. Este plato se elabora machacando pl\u00e1tanos verdes fritos con ajo y aceite, y se puede rellenar con diferentes ingredientes como carne de cerdo (chicharr\u00f3n), [&hellip;]<\/p>\n","protected":false},"featured_media":1327,"comment_status":"open","ping_status":"closed","template":"","meta":{"_acf_changed":false,"inline_featured_image":false},"product_brand":[],"product_cat":[23],"product_tag":[28],"class_list":{"0":"post-374","1":"product","2":"type-product","3":"status-publish","4":"has-post-thumbnail","6":"product_cat-rutas","7":"product_tag-gastronomica","9":"first","10":"instock","11":"shipping-taxable","12":"purchasable","13":"product-type-variable"},"acf":[],"yoast_head":"<!-- This site is optimized with the Yoast SEO plugin v26.6 - https:\/\/yoast.com\/wordpress\/plugins\/seo\/ -->\n<title>Ruta del Mofongo - Paisnaturd<\/title>\n<meta name=\"robots\" content=\"index, follow, max-snippet:-1, max-image-preview:large, max-video-preview:-1\" \/>\n<link rel=\"canonical\" href=\"https:\/\/paisnaturd.com\/agencia-turistica\/producto\/ruta-del-mofongo\/\" \/>\n<meta property=\"og:locale\" content=\"es_ES\" \/>\n<meta property=\"og:type\" content=\"article\" \/>\n<meta property=\"og:title\" content=\"Ruta del Mofongo - Paisnaturd\" \/>\n<meta property=\"og:description\" content=\"\u00bfQu\u00e9 es la Ruta del Mofongo? Es un recorrido gastron\u00f3mico que se centra en la degustaci\u00f3n del mofongo, un plato emblem\u00e1tico de la cocina caribe\u00f1a, especialmente popular en la Rep\u00fablica Dominicana. Este plato se elabora machacando pl\u00e1tanos verdes fritos con ajo y aceite, y se puede rellenar con diferentes ingredientes como carne de cerdo (chicharr\u00f3n), [&hellip;]\" \/>\n<meta property=\"og:url\" content=\"https:\/\/paisnaturd.com\/agencia-turistica\/producto\/ruta-del-mofongo\/\" \/>\n<meta property=\"og:site_name\" content=\"Paisnaturd\" \/>\n<meta property=\"article:modified_time\" content=\"2025-12-17T11:52:00+00:00\" \/>\n<meta property=\"og:image\" content=\"https:\/\/paisnaturd.com\/agencia-turistica\/wp-content\/uploads\/2024\/09\/two-plates-of-food-with-sauce-and-forked-spoons-2024-06-20-18-34-27-utc-scaled.jpg\" \/>\n\t<meta property=\"og:image:width\" content=\"2560\" \/>\n\t<meta property=\"og:image:height\" content=\"1707\" \/>\n\t<meta property=\"og:image:type\" content=\"image\/jpeg\" \/>\n<meta name=\"twitter:card\" content=\"summary_large_image\" \/>\n<meta name=\"twitter:label1\" content=\"Tiempo de lectura\" \/>\n\t<meta name=\"twitter:data1\" content=\"1 minuto\" \/>\n<script type=\"application\/ld+json\" class=\"yoast-schema-graph\">{\"@context\":\"https:\/\/schema.org\",\"@graph\":[{\"@type\":\"WebPage\",\"@id\":\"https:\/\/paisnaturd.com\/agencia-turistica\/producto\/ruta-del-mofongo\/\",\"url\":\"https:\/\/paisnaturd.com\/agencia-turistica\/producto\/ruta-del-mofongo\/\",\"name\":\"Ruta del Mofongo - Paisnaturd\",\"isPartOf\":{\"@id\":\"https:\/\/paisnaturd.com\/agencia-turistica\/#website\"},\"primaryImageOfPage\":{\"@id\":\"https:\/\/paisnaturd.com\/agencia-turistica\/producto\/ruta-del-mofongo\/#primaryimage\"},\"image\":{\"@id\":\"https:\/\/paisnaturd.com\/agencia-turistica\/producto\/ruta-del-mofongo\/#primaryimage\"},\"thumbnailUrl\":\"https:\/\/paisnaturd.com\/agencia-turistica\/wp-content\/uploads\/2024\/09\/two-plates-of-food-with-sauce-and-forked-spoons-2024-06-20-18-34-27-utc-scaled.jpg\",\"datePublished\":\"2024-09-23T10:24:03+00:00\",\"dateModified\":\"2025-12-17T11:52:00+00:00\",\"breadcrumb\":{\"@id\":\"https:\/\/paisnaturd.com\/agencia-turistica\/producto\/ruta-del-mofongo\/#breadcrumb\"},\"inLanguage\":\"es\",\"potentialAction\":[{\"@type\":\"ReadAction\",\"target\":[\"https:\/\/paisnaturd.com\/agencia-turistica\/producto\/ruta-del-mofongo\/\"]}]},{\"@type\":\"ImageObject\",\"inLanguage\":\"es\",\"@id\":\"https:\/\/paisnaturd.com\/agencia-turistica\/producto\/ruta-del-mofongo\/#primaryimage\",\"url\":\"https:\/\/paisnaturd.com\/agencia-turistica\/wp-content\/uploads\/2024\/09\/two-plates-of-food-with-sauce-and-forked-spoons-2024-06-20-18-34-27-utc-scaled.jpg\",\"contentUrl\":\"https:\/\/paisnaturd.com\/agencia-turistica\/wp-content\/uploads\/2024\/09\/two-plates-of-food-with-sauce-and-forked-spoons-2024-06-20-18-34-27-utc-scaled.jpg\",\"width\":2560,\"height\":1707},{\"@type\":\"BreadcrumbList\",\"@id\":\"https:\/\/paisnaturd.com\/agencia-turistica\/producto\/ruta-del-mofongo\/#breadcrumb\",\"itemListElement\":[{\"@type\":\"ListItem\",\"position\":1,\"name\":\"Portada\",\"item\":\"https:\/\/paisnaturd.com\/agencia-turistica\/\"},{\"@type\":\"ListItem\",\"position\":2,\"name\":\"Tienda\",\"item\":\"https:\/\/paisnaturd.com\/agencia-turistica\/tienda\/\"},{\"@type\":\"ListItem\",\"position\":3,\"name\":\"Ruta del Mofongo\"}]},{\"@type\":\"WebSite\",\"@id\":\"https:\/\/paisnaturd.com\/agencia-turistica\/#website\",\"url\":\"https:\/\/paisnaturd.com\/agencia-turistica\/\",\"name\":\"Paisnaturd\",\"description\":\"Agencia tur\u00edstica PaisnatuRD\",\"publisher\":{\"@id\":\"https:\/\/paisnaturd.com\/agencia-turistica\/#organization\"},\"potentialAction\":[{\"@type\":\"SearchAction\",\"target\":{\"@type\":\"EntryPoint\",\"urlTemplate\":\"https:\/\/paisnaturd.com\/agencia-turistica\/?s={search_term_string}\"},\"query-input\":{\"@type\":\"PropertyValueSpecification\",\"valueRequired\":true,\"valueName\":\"search_term_string\"}}],\"inLanguage\":\"es\"},{\"@type\":\"Organization\",\"@id\":\"https:\/\/paisnaturd.com\/agencia-turistica\/#organization\",\"name\":\"Paisnaturd\",\"url\":\"https:\/\/paisnaturd.com\/agencia-turistica\/\",\"logo\":{\"@type\":\"ImageObject\",\"inLanguage\":\"es\",\"@id\":\"https:\/\/paisnaturd.com\/agencia-turistica\/#\/schema\/logo\/image\/\",\"url\":\"https:\/\/paisnaturd.com\/agencia-turistica\/wp-content\/uploads\/2024\/09\/Logo-Paisnaturd.png\",\"contentUrl\":\"https:\/\/paisnaturd.com\/agencia-turistica\/wp-content\/uploads\/2024\/09\/Logo-Paisnaturd.png\",\"width\":327,\"height\":142,\"caption\":\"Paisnaturd\"},\"image\":{\"@id\":\"https:\/\/paisnaturd.com\/agencia-turistica\/#\/schema\/logo\/image\/\"}}]}<\/script>\n<!-- \/ Yoast SEO plugin. -->","yoast_head_json":{"title":"Ruta del Mofongo - Paisnaturd","robots":{"index":"index","follow":"follow","max-snippet":"max-snippet:-1","max-image-preview":"max-image-preview:large","max-video-preview":"max-video-preview:-1"},"canonical":"https:\/\/paisnaturd.com\/agencia-turistica\/producto\/ruta-del-mofongo\/","og_locale":"es_ES","og_type":"article","og_title":"Ruta del Mofongo - Paisnaturd","og_description":"\u00bfQu\u00e9 es la Ruta del Mofongo? Es un recorrido gastron\u00f3mico que se centra en la degustaci\u00f3n del mofongo, un plato emblem\u00e1tico de la cocina caribe\u00f1a, especialmente popular en la Rep\u00fablica Dominicana. Este plato se elabora machacando pl\u00e1tanos verdes fritos con ajo y aceite, y se puede rellenar con diferentes ingredientes como carne de cerdo (chicharr\u00f3n), [&hellip;]","og_url":"https:\/\/paisnaturd.com\/agencia-turistica\/producto\/ruta-del-mofongo\/","og_site_name":"Paisnaturd","article_modified_time":"2025-12-17T11:52:00+00:00","og_image":[{"width":2560,"height":1707,"url":"https:\/\/paisnaturd.com\/agencia-turistica\/wp-content\/uploads\/2024\/09\/two-plates-of-food-with-sauce-and-forked-spoons-2024-06-20-18-34-27-utc-scaled.jpg","type":"image\/jpeg"}],"twitter_card":"summary_large_image","twitter_misc":{"Tiempo de lectura":"1 minuto"},"schema":{"@context":"https:\/\/schema.org","@graph":[{"@type":"WebPage","@id":"https:\/\/paisnaturd.com\/agencia-turistica\/producto\/ruta-del-mofongo\/","url":"https:\/\/paisnaturd.com\/agencia-turistica\/producto\/ruta-del-mofongo\/","name":"Ruta del Mofongo - Paisnaturd","isPartOf":{"@id":"https:\/\/paisnaturd.com\/agencia-turistica\/#website"},"primaryImageOfPage":{"@id":"https:\/\/paisnaturd.com\/agencia-turistica\/producto\/ruta-del-mofongo\/#primaryimage"},"image":{"@id":"https:\/\/paisnaturd.com\/agencia-turistica\/producto\/ruta-del-mofongo\/#primaryimage"},"thumbnailUrl":"https:\/\/paisnaturd.com\/agencia-turistica\/wp-content\/uploads\/2024\/09\/two-plates-of-food-with-sauce-and-forked-spoons-2024-06-20-18-34-27-utc-scaled.jpg","datePublished":"2024-09-23T10:24:03+00:00","dateModified":"2025-12-17T11:52:00+00:00","breadcrumb":{"@id":"https:\/\/paisnaturd.com\/agencia-turistica\/producto\/ruta-del-mofongo\/#breadcrumb"},"inLanguage":"es","potentialAction":[{"@type":"ReadAction","target":["https:\/\/paisnaturd.com\/agencia-turistica\/producto\/ruta-del-mofongo\/"]}]},{"@type":"ImageObject","inLanguage":"es","@id":"https:\/\/paisnaturd.com\/agencia-turistica\/producto\/ruta-del-mofongo\/#primaryimage","url":"https:\/\/paisnaturd.com\/agencia-turistica\/wp-content\/uploads\/2024\/09\/two-plates-of-food-with-sauce-and-forked-spoons-2024-06-20-18-34-27-utc-scaled.jpg","contentUrl":"https:\/\/paisnaturd.com\/agencia-turistica\/wp-content\/uploads\/2024\/09\/two-plates-of-food-with-sauce-and-forked-spoons-2024-06-20-18-34-27-utc-scaled.jpg","width":2560,"height":1707},{"@type":"BreadcrumbList","@id":"https:\/\/paisnaturd.com\/agencia-turistica\/producto\/ruta-del-mofongo\/#breadcrumb","itemListElement":[{"@type":"ListItem","position":1,"name":"Portada","item":"https:\/\/paisnaturd.com\/agencia-turistica\/"},{"@type":"ListItem","position":2,"name":"Tienda","item":"https:\/\/paisnaturd.com\/agencia-turistica\/tienda\/"},{"@type":"ListItem","position":3,"name":"Ruta del Mofongo"}]},{"@type":"WebSite","@id":"https:\/\/paisnaturd.com\/agencia-turistica\/#website","url":"https:\/\/paisnaturd.com\/agencia-turistica\/","name":"Paisnaturd","description":"Agencia tur\u00edstica PaisnatuRD","publisher":{"@id":"https:\/\/paisnaturd.com\/agencia-turistica\/#organization"},"potentialAction":[{"@type":"SearchAction","target":{"@type":"EntryPoint","urlTemplate":"https:\/\/paisnaturd.com\/agencia-turistica\/?s={search_term_string}"},"query-input":{"@type":"PropertyValueSpecification","valueRequired":true,"valueName":"search_term_string"}}],"inLanguage":"es"},{"@type":"Organization","@id":"https:\/\/paisnaturd.com\/agencia-turistica\/#organization","name":"Paisnaturd","url":"https:\/\/paisnaturd.com\/agencia-turistica\/","logo":{"@type":"ImageObject","inLanguage":"es","@id":"https:\/\/paisnaturd.com\/agencia-turistica\/#\/schema\/logo\/image\/","url":"https:\/\/paisnaturd.com\/agencia-turistica\/wp-content\/uploads\/2024\/09\/Logo-Paisnaturd.png","contentUrl":"https:\/\/paisnaturd.com\/agencia-turistica\/wp-content\/uploads\/2024\/09\/Logo-Paisnaturd.png","width":327,"height":142,"caption":"Paisnaturd"},"image":{"@id":"https:\/\/paisnaturd.com\/agencia-turistica\/#\/schema\/logo\/image\/"}}]}},"_links":{"self":[{"href":"https:\/\/paisnaturd.com\/agencia-turistica\/wp-json\/wp\/v2\/product\/374","targetHints":{"allow":["GET"]}}],"collection":[{"href":"https:\/\/paisnaturd.com\/agencia-turistica\/wp-json\/wp\/v2\/product"}],"about":[{"href":"https:\/\/paisnaturd.com\/agencia-turistica\/wp-json\/wp\/v2\/types\/product"}],"replies":[{"embeddable":true,"href":"https:\/\/paisnaturd.com\/agencia-turistica\/wp-json\/wp\/v2\/comments?post=374"}],"version-history":[{"count":0,"href":"https:\/\/paisnaturd.com\/agencia-turistica\/wp-json\/wp\/v2\/product\/374\/revisions"}],"wp:featuredmedia":[{"embeddable":true,"href":"https:\/\/paisnaturd.com\/agencia-turistica\/wp-json\/wp\/v2\/media\/1327"}],"wp:attachment":[{"href":"https:\/\/paisnaturd.com\/agencia-turistica\/wp-json\/wp\/v2\/media?parent=374"}],"wp:term":[{"taxonomy":"product_brand","embeddable":true,"href":"https:\/\/paisnaturd.com\/agencia-turistica\/wp-json\/wp\/v2\/product_brand?post=374"},{"taxonomy":"product_cat","embeddable":true,"href":"https:\/\/paisnaturd.com\/agencia-turistica\/wp-json\/wp\/v2\/product_cat?post=374"},{"taxonomy":"product_tag","embeddable":true,"href":"https:\/\/paisnaturd.com\/agencia-turistica\/wp-json\/wp\/v2\/product_tag?post=374"}],"curies":[{"name":"wp","href":"https:\/\/api.w.org\/{rel}","templated":true}]}}