{"id":370,"date":"2024-09-23T12:20:50","date_gmt":"2024-09-23T10:20:50","guid":{"rendered":"https:\/\/iomk.es\/devel\/paisnaturd\/?post_type=product&#038;p=370"},"modified":"2025-12-17T12:52:38","modified_gmt":"2025-12-17T11:52:38","slug":"ruta-del-cafe","status":"publish","type":"product","link":"https:\/\/paisnaturd.com\/agencia-turistica\/producto\/ruta-del-cafe\/","title":{"rendered":"Ruta del Caf\u00e9"},"content":{"rendered":"<p><b>\u00bfQu\u00e9 es la Ruta del Caf\u00e9? <\/b><span style=\"font-weight: 400;\">Es un recorrido tur\u00edstico que permite a los visitantes conocer de cerca el proceso completo de producci\u00f3n del caf\u00e9, uno de los productos agr\u00edcolas m\u00e1s importantes del pa\u00eds. A lo largo del recorrido, los turistas pueden explorar plantaciones de caf\u00e9 org\u00e1nico, interactuar con productores locales, y descubrir c\u00f3mo se cosecha, tuesta y prepara el caf\u00e9 dominicano, famoso por su alta calidad.<\/span><\/p>\n<p><b>\u00bfD\u00f3nde se desarrolla<\/b><span style=\"font-weight: 400;\">? La Ruta del Caf\u00e9 se extiende por varias zonas monta\u00f1osas del pa\u00eds, principalmente en:<\/span><\/p>\n<ul>\n<li style=\"font-weight: 400;\" aria-level=\"1\"><span style=\"font-weight: 400;\">Jarabacoa: Aqu\u00ed, los visitantes pueden recorrer las instalaciones donde se produce caf\u00e9 org\u00e1nico, desde la cosecha hasta la taza.<\/span><\/li>\n<li style=\"font-weight: 400;\" aria-level=\"1\"><span style=\"font-weight: 400;\">Puerto Plata: En esta regi\u00f3n, se ofrece recorridos por fincas cafetaleras que siguen los principios del comercio justo y producen caf\u00e9 bajo sombra.<\/span><\/li>\n<li style=\"font-weight: 400;\" aria-level=\"1\"><span style=\"font-weight: 400;\">Bonao: esta ruta ofrece paisajes espectaculares mientras los visitantes recorren plantaciones de caf\u00e9, frutas y plantas silvestres.<\/span><\/li>\n<li style=\"font-weight: 400;\" aria-level=\"1\"><span style=\"font-weight: 400;\">Jamao al Norte: En esta ruta en la provincia de Hermanas Mirabal, los turistas pueden caminar entre plantaciones de caf\u00e9 y disfrutar de vistas naturales, incluyendo r\u00edos y monta\u00f1as.<\/span><\/li>\n<\/ul>\n<p><b>\u00bfCu\u00e1ndo se desarrolla? <\/b><span style=\"font-weight: 400;\">La Ruta del Caf\u00e9 est\u00e1 disponible durante todo el a\u00f1o, con tours organizados en diferentes fincas y regiones. Se recomienda reservar con antelaci\u00f3n y verificar los horarios de cada finca, ya que pueden variar seg\u00fan la temporada de cosecha y el clima.<\/span><\/p>\n","protected":false},"excerpt":{"rendered":"<p>\u00bfQu\u00e9 es la Ruta del Caf\u00e9? Es un recorrido tur\u00edstico que permite a los visitantes conocer de cerca el proceso completo de producci\u00f3n del caf\u00e9, uno de los productos agr\u00edcolas m\u00e1s importantes del pa\u00eds. A lo largo del recorrido, los turistas pueden explorar plantaciones de caf\u00e9 org\u00e1nico, interactuar con productores locales, y descubrir c\u00f3mo se [&hellip;]<\/p>\n","protected":false},"featured_media":1260,"comment_status":"open","ping_status":"closed","template":"","meta":{"_acf_changed":false,"inline_featured_image":false},"product_brand":[],"product_cat":[23],"product_tag":[28],"class_list":{"0":"post-370","1":"product","2":"type-product","3":"status-publish","4":"has-post-thumbnail","6":"product_cat-rutas","7":"product_tag-gastronomica","9":"first","10":"instock","11":"shipping-taxable","12":"purchasable","13":"product-type-variable"},"acf":[],"yoast_head":"<!-- This site is optimized with the Yoast SEO plugin v26.6 - https:\/\/yoast.com\/wordpress\/plugins\/seo\/ -->\n<title>Ruta del Caf\u00e9 - Paisnaturd<\/title>\n<meta name=\"robots\" content=\"index, follow, max-snippet:-1, max-image-preview:large, max-video-preview:-1\" \/>\n<link rel=\"canonical\" href=\"https:\/\/paisnaturd.com\/agencia-turistica\/producto\/ruta-del-cafe\/\" \/>\n<meta property=\"og:locale\" content=\"es_ES\" \/>\n<meta property=\"og:type\" content=\"article\" \/>\n<meta property=\"og:title\" content=\"Ruta del Caf\u00e9 - Paisnaturd\" \/>\n<meta property=\"og:description\" content=\"\u00bfQu\u00e9 es la Ruta del Caf\u00e9? Es un recorrido tur\u00edstico que permite a los visitantes conocer de cerca el proceso completo de producci\u00f3n del caf\u00e9, uno de los productos agr\u00edcolas m\u00e1s importantes del pa\u00eds. A lo largo del recorrido, los turistas pueden explorar plantaciones de caf\u00e9 org\u00e1nico, interactuar con productores locales, y descubrir c\u00f3mo se [&hellip;]\" \/>\n<meta property=\"og:url\" content=\"https:\/\/paisnaturd.com\/agencia-turistica\/producto\/ruta-del-cafe\/\" \/>\n<meta property=\"og:site_name\" content=\"Paisnaturd\" \/>\n<meta property=\"article:modified_time\" content=\"2025-12-17T11:52:38+00:00\" \/>\n<meta property=\"og:image\" content=\"https:\/\/paisnaturd.com\/agencia-turistica\/wp-content\/uploads\/2024\/09\/ruta-cafe-paisnaturd-scaled.jpg\" \/>\n\t<meta property=\"og:image:width\" content=\"2560\" \/>\n\t<meta property=\"og:image:height\" content=\"1707\" \/>\n\t<meta property=\"og:image:type\" content=\"image\/jpeg\" \/>\n<meta name=\"twitter:card\" content=\"summary_large_image\" \/>\n<meta name=\"twitter:label1\" content=\"Tiempo de lectura\" \/>\n\t<meta name=\"twitter:data1\" content=\"2 minutos\" \/>\n<script type=\"application\/ld+json\" class=\"yoast-schema-graph\">{\"@context\":\"https:\/\/schema.org\",\"@graph\":[{\"@type\":\"WebPage\",\"@id\":\"https:\/\/paisnaturd.com\/agencia-turistica\/producto\/ruta-del-cafe\/\",\"url\":\"https:\/\/paisnaturd.com\/agencia-turistica\/producto\/ruta-del-cafe\/\",\"name\":\"Ruta del Caf\u00e9 - Paisnaturd\",\"isPartOf\":{\"@id\":\"https:\/\/paisnaturd.com\/agencia-turistica\/#website\"},\"primaryImageOfPage\":{\"@id\":\"https:\/\/paisnaturd.com\/agencia-turistica\/producto\/ruta-del-cafe\/#primaryimage\"},\"image\":{\"@id\":\"https:\/\/paisnaturd.com\/agencia-turistica\/producto\/ruta-del-cafe\/#primaryimage\"},\"thumbnailUrl\":\"https:\/\/paisnaturd.com\/agencia-turistica\/wp-content\/uploads\/2024\/09\/ruta-cafe-paisnaturd-scaled.jpg\",\"datePublished\":\"2024-09-23T10:20:50+00:00\",\"dateModified\":\"2025-12-17T11:52:38+00:00\",\"breadcrumb\":{\"@id\":\"https:\/\/paisnaturd.com\/agencia-turistica\/producto\/ruta-del-cafe\/#breadcrumb\"},\"inLanguage\":\"es\",\"potentialAction\":[{\"@type\":\"ReadAction\",\"target\":[\"https:\/\/paisnaturd.com\/agencia-turistica\/producto\/ruta-del-cafe\/\"]}]},{\"@type\":\"ImageObject\",\"inLanguage\":\"es\",\"@id\":\"https:\/\/paisnaturd.com\/agencia-turistica\/producto\/ruta-del-cafe\/#primaryimage\",\"url\":\"https:\/\/paisnaturd.com\/agencia-turistica\/wp-content\/uploads\/2024\/09\/ruta-cafe-paisnaturd-scaled.jpg\",\"contentUrl\":\"https:\/\/paisnaturd.com\/agencia-turistica\/wp-content\/uploads\/2024\/09\/ruta-cafe-paisnaturd-scaled.jpg\",\"width\":2560,\"height\":1707,\"caption\":\"Close up small wooden spoon or scoop with coffee beans. Short wooden scoop and brown grains.\"},{\"@type\":\"BreadcrumbList\",\"@id\":\"https:\/\/paisnaturd.com\/agencia-turistica\/producto\/ruta-del-cafe\/#breadcrumb\",\"itemListElement\":[{\"@type\":\"ListItem\",\"position\":1,\"name\":\"Portada\",\"item\":\"https:\/\/paisnaturd.com\/agencia-turistica\/\"},{\"@type\":\"ListItem\",\"position\":2,\"name\":\"Tienda\",\"item\":\"https:\/\/paisnaturd.com\/agencia-turistica\/tienda\/\"},{\"@type\":\"ListItem\",\"position\":3,\"name\":\"Ruta del Caf\u00e9\"}]},{\"@type\":\"WebSite\",\"@id\":\"https:\/\/paisnaturd.com\/agencia-turistica\/#website\",\"url\":\"https:\/\/paisnaturd.com\/agencia-turistica\/\",\"name\":\"Paisnaturd\",\"description\":\"Agencia tur\u00edstica PaisnatuRD\",\"publisher\":{\"@id\":\"https:\/\/paisnaturd.com\/agencia-turistica\/#organization\"},\"potentialAction\":[{\"@type\":\"SearchAction\",\"target\":{\"@type\":\"EntryPoint\",\"urlTemplate\":\"https:\/\/paisnaturd.com\/agencia-turistica\/?s={search_term_string}\"},\"query-input\":{\"@type\":\"PropertyValueSpecification\",\"valueRequired\":true,\"valueName\":\"search_term_string\"}}],\"inLanguage\":\"es\"},{\"@type\":\"Organization\",\"@id\":\"https:\/\/paisnaturd.com\/agencia-turistica\/#organization\",\"name\":\"Paisnaturd\",\"url\":\"https:\/\/paisnaturd.com\/agencia-turistica\/\",\"logo\":{\"@type\":\"ImageObject\",\"inLanguage\":\"es\",\"@id\":\"https:\/\/paisnaturd.com\/agencia-turistica\/#\/schema\/logo\/image\/\",\"url\":\"https:\/\/paisnaturd.com\/agencia-turistica\/wp-content\/uploads\/2024\/09\/Logo-Paisnaturd.png\",\"contentUrl\":\"https:\/\/paisnaturd.com\/agencia-turistica\/wp-content\/uploads\/2024\/09\/Logo-Paisnaturd.png\",\"width\":327,\"height\":142,\"caption\":\"Paisnaturd\"},\"image\":{\"@id\":\"https:\/\/paisnaturd.com\/agencia-turistica\/#\/schema\/logo\/image\/\"}}]}<\/script>\n<!-- \/ Yoast SEO plugin. -->","yoast_head_json":{"title":"Ruta del Caf\u00e9 - Paisnaturd","robots":{"index":"index","follow":"follow","max-snippet":"max-snippet:-1","max-image-preview":"max-image-preview:large","max-video-preview":"max-video-preview:-1"},"canonical":"https:\/\/paisnaturd.com\/agencia-turistica\/producto\/ruta-del-cafe\/","og_locale":"es_ES","og_type":"article","og_title":"Ruta del Caf\u00e9 - Paisnaturd","og_description":"\u00bfQu\u00e9 es la Ruta del Caf\u00e9? Es un recorrido tur\u00edstico que permite a los visitantes conocer de cerca el proceso completo de producci\u00f3n del caf\u00e9, uno de los productos agr\u00edcolas m\u00e1s importantes del pa\u00eds. A lo largo del recorrido, los turistas pueden explorar plantaciones de caf\u00e9 org\u00e1nico, interactuar con productores locales, y descubrir c\u00f3mo se [&hellip;]","og_url":"https:\/\/paisnaturd.com\/agencia-turistica\/producto\/ruta-del-cafe\/","og_site_name":"Paisnaturd","article_modified_time":"2025-12-17T11:52:38+00:00","og_image":[{"width":2560,"height":1707,"url":"https:\/\/paisnaturd.com\/agencia-turistica\/wp-content\/uploads\/2024\/09\/ruta-cafe-paisnaturd-scaled.jpg","type":"image\/jpeg"}],"twitter_card":"summary_large_image","twitter_misc":{"Tiempo de lectura":"2 minutos"},"schema":{"@context":"https:\/\/schema.org","@graph":[{"@type":"WebPage","@id":"https:\/\/paisnaturd.com\/agencia-turistica\/producto\/ruta-del-cafe\/","url":"https:\/\/paisnaturd.com\/agencia-turistica\/producto\/ruta-del-cafe\/","name":"Ruta del Caf\u00e9 - Paisnaturd","isPartOf":{"@id":"https:\/\/paisnaturd.com\/agencia-turistica\/#website"},"primaryImageOfPage":{"@id":"https:\/\/paisnaturd.com\/agencia-turistica\/producto\/ruta-del-cafe\/#primaryimage"},"image":{"@id":"https:\/\/paisnaturd.com\/agencia-turistica\/producto\/ruta-del-cafe\/#primaryimage"},"thumbnailUrl":"https:\/\/paisnaturd.com\/agencia-turistica\/wp-content\/uploads\/2024\/09\/ruta-cafe-paisnaturd-scaled.jpg","datePublished":"2024-09-23T10:20:50+00:00","dateModified":"2025-12-17T11:52:38+00:00","breadcrumb":{"@id":"https:\/\/paisnaturd.com\/agencia-turistica\/producto\/ruta-del-cafe\/#breadcrumb"},"inLanguage":"es","potentialAction":[{"@type":"ReadAction","target":["https:\/\/paisnaturd.com\/agencia-turistica\/producto\/ruta-del-cafe\/"]}]},{"@type":"ImageObject","inLanguage":"es","@id":"https:\/\/paisnaturd.com\/agencia-turistica\/producto\/ruta-del-cafe\/#primaryimage","url":"https:\/\/paisnaturd.com\/agencia-turistica\/wp-content\/uploads\/2024\/09\/ruta-cafe-paisnaturd-scaled.jpg","contentUrl":"https:\/\/paisnaturd.com\/agencia-turistica\/wp-content\/uploads\/2024\/09\/ruta-cafe-paisnaturd-scaled.jpg","width":2560,"height":1707,"caption":"Close up small wooden spoon or scoop with coffee beans. Short wooden scoop and brown grains."},{"@type":"BreadcrumbList","@id":"https:\/\/paisnaturd.com\/agencia-turistica\/producto\/ruta-del-cafe\/#breadcrumb","itemListElement":[{"@type":"ListItem","position":1,"name":"Portada","item":"https:\/\/paisnaturd.com\/agencia-turistica\/"},{"@type":"ListItem","position":2,"name":"Tienda","item":"https:\/\/paisnaturd.com\/agencia-turistica\/tienda\/"},{"@type":"ListItem","position":3,"name":"Ruta del Caf\u00e9"}]},{"@type":"WebSite","@id":"https:\/\/paisnaturd.com\/agencia-turistica\/#website","url":"https:\/\/paisnaturd.com\/agencia-turistica\/","name":"Paisnaturd","description":"Agencia tur\u00edstica PaisnatuRD","publisher":{"@id":"https:\/\/paisnaturd.com\/agencia-turistica\/#organization"},"potentialAction":[{"@type":"SearchAction","target":{"@type":"EntryPoint","urlTemplate":"https:\/\/paisnaturd.com\/agencia-turistica\/?s={search_term_string}"},"query-input":{"@type":"PropertyValueSpecification","valueRequired":true,"valueName":"search_term_string"}}],"inLanguage":"es"},{"@type":"Organization","@id":"https:\/\/paisnaturd.com\/agencia-turistica\/#organization","name":"Paisnaturd","url":"https:\/\/paisnaturd.com\/agencia-turistica\/","logo":{"@type":"ImageObject","inLanguage":"es","@id":"https:\/\/paisnaturd.com\/agencia-turistica\/#\/schema\/logo\/image\/","url":"https:\/\/paisnaturd.com\/agencia-turistica\/wp-content\/uploads\/2024\/09\/Logo-Paisnaturd.png","contentUrl":"https:\/\/paisnaturd.com\/agencia-turistica\/wp-content\/uploads\/2024\/09\/Logo-Paisnaturd.png","width":327,"height":142,"caption":"Paisnaturd"},"image":{"@id":"https:\/\/paisnaturd.com\/agencia-turistica\/#\/schema\/logo\/image\/"}}]}},"_links":{"self":[{"href":"https:\/\/paisnaturd.com\/agencia-turistica\/wp-json\/wp\/v2\/product\/370","targetHints":{"allow":["GET"]}}],"collection":[{"href":"https:\/\/paisnaturd.com\/agencia-turistica\/wp-json\/wp\/v2\/product"}],"about":[{"href":"https:\/\/paisnaturd.com\/agencia-turistica\/wp-json\/wp\/v2\/types\/product"}],"replies":[{"embeddable":true,"href":"https:\/\/paisnaturd.com\/agencia-turistica\/wp-json\/wp\/v2\/comments?post=370"}],"version-history":[{"count":0,"href":"https:\/\/paisnaturd.com\/agencia-turistica\/wp-json\/wp\/v2\/product\/370\/revisions"}],"wp:featuredmedia":[{"embeddable":true,"href":"https:\/\/paisnaturd.com\/agencia-turistica\/wp-json\/wp\/v2\/media\/1260"}],"wp:attachment":[{"href":"https:\/\/paisnaturd.com\/agencia-turistica\/wp-json\/wp\/v2\/media?parent=370"}],"wp:term":[{"taxonomy":"product_brand","embeddable":true,"href":"https:\/\/paisnaturd.com\/agencia-turistica\/wp-json\/wp\/v2\/product_brand?post=370"},{"taxonomy":"product_cat","embeddable":true,"href":"https:\/\/paisnaturd.com\/agencia-turistica\/wp-json\/wp\/v2\/product_cat?post=370"},{"taxonomy":"product_tag","embeddable":true,"href":"https:\/\/paisnaturd.com\/agencia-turistica\/wp-json\/wp\/v2\/product_tag?post=370"}],"curies":[{"name":"wp","href":"https:\/\/api.w.org\/{rel}","templated":true}]}}