{"id":367,"date":"2024-09-23T12:18:15","date_gmt":"2024-09-23T10:18:15","guid":{"rendered":"https:\/\/iomk.es\/devel\/paisnaturd\/?post_type=product&#038;p=367"},"modified":"2025-12-17T12:53:23","modified_gmt":"2025-12-17T11:53:23","slug":"ruta-del-cacao","status":"publish","type":"product","link":"https:\/\/paisnaturd.com\/agencia-turistica\/producto\/ruta-del-cacao\/","title":{"rendered":"Ruta del Cacao"},"content":{"rendered":"<p><strong>\u00bfQu\u00e9 es la Ruta del Cacao?<\/strong> <span style=\"font-weight: 400;\">Es una experiencia tur\u00edstica que permite a los visitantes conocer de cerca el proceso completo de cultivo y producci\u00f3n del cacao, uno de los productos agr\u00edcolas m\u00e1s importantes del pa\u00eds. En esta ruta, los participantes pueden explorar plantaciones de cacao, aprender sobre su cosecha, fermentaci\u00f3n, secado y elaboraci\u00f3n de chocolate. La experiencia incluye la oportunidad de sembrar su propia planta de cacao y fabricar una barra de chocolate artesanal.<\/span><\/p>\n<p><strong>\u00bfD\u00f3nde se desarrolla?<\/strong> <span style=\"font-weight: 400;\">La ruta principal del cacao se desarrolla en San Francisco de Macor\u00eds, una regi\u00f3n clave en la producci\u00f3n de cacao en el pa\u00eds. El recorrido se centra en la Hacienda La Esmeralda, situada en la carretera San Francisco de Macor\u00eds &#8211; Tenares, pero tambi\u00e9n existen otras rutas en zonas como Monte Plata, El Seibo y Yamas\u00e1. <\/span><\/p>\n<p><strong>\u00bfCu\u00e1ndo se desarrolla?<\/strong> <span style=\"font-weight: 400;\">La Ruta del Cacao est\u00e1 disponible durante todo el a\u00f1o, con tours diarios (excepto los lunes) que suelen realizarse de 9:00 a.m. a 3:00 p.m. Es recomendable reservar con antelaci\u00f3n debido a la popularidad de la experiencia.<\/span><\/p>\n","protected":false},"excerpt":{"rendered":"<p>\u00bfQu\u00e9 es la Ruta del Cacao? Es una experiencia tur\u00edstica que permite a los visitantes conocer de cerca el proceso completo de cultivo y producci\u00f3n del cacao, uno de los productos agr\u00edcolas m\u00e1s importantes del pa\u00eds. En esta ruta, los participantes pueden explorar plantaciones de cacao, aprender sobre su cosecha, fermentaci\u00f3n, secado y elaboraci\u00f3n de [&hellip;]<\/p>\n","protected":false},"featured_media":1259,"comment_status":"open","ping_status":"closed","template":"","meta":{"_acf_changed":false,"inline_featured_image":false},"product_brand":[],"product_cat":[23],"product_tag":[28],"class_list":{"0":"post-367","1":"product","2":"type-product","3":"status-publish","4":"has-post-thumbnail","6":"product_cat-rutas","7":"product_tag-gastronomica","9":"first","10":"instock","11":"shipping-taxable","12":"purchasable","13":"product-type-variable"},"acf":[],"yoast_head":"<!-- This site is optimized with the Yoast SEO plugin v26.6 - https:\/\/yoast.com\/wordpress\/plugins\/seo\/ -->\n<title>Ruta del Cacao - Paisnaturd<\/title>\n<meta name=\"robots\" content=\"index, follow, max-snippet:-1, max-image-preview:large, max-video-preview:-1\" \/>\n<link rel=\"canonical\" href=\"https:\/\/paisnaturd.com\/agencia-turistica\/producto\/ruta-del-cacao\/\" \/>\n<meta property=\"og:locale\" content=\"es_ES\" \/>\n<meta property=\"og:type\" content=\"article\" \/>\n<meta property=\"og:title\" content=\"Ruta del Cacao - Paisnaturd\" \/>\n<meta property=\"og:description\" content=\"\u00bfQu\u00e9 es la Ruta del Cacao? Es una experiencia tur\u00edstica que permite a los visitantes conocer de cerca el proceso completo de cultivo y producci\u00f3n del cacao, uno de los productos agr\u00edcolas m\u00e1s importantes del pa\u00eds. En esta ruta, los participantes pueden explorar plantaciones de cacao, aprender sobre su cosecha, fermentaci\u00f3n, secado y elaboraci\u00f3n de [&hellip;]\" \/>\n<meta property=\"og:url\" content=\"https:\/\/paisnaturd.com\/agencia-turistica\/producto\/ruta-del-cacao\/\" \/>\n<meta property=\"og:site_name\" content=\"Paisnaturd\" \/>\n<meta property=\"article:modified_time\" content=\"2025-12-17T11:53:23+00:00\" \/>\n<meta property=\"og:image\" content=\"https:\/\/paisnaturd.com\/agencia-turistica\/wp-content\/uploads\/2024\/09\/ruta-cacao-paisnaturd-scaled.jpg\" \/>\n\t<meta property=\"og:image:width\" content=\"2560\" \/>\n\t<meta property=\"og:image:height\" content=\"1701\" \/>\n\t<meta property=\"og:image:type\" content=\"image\/jpeg\" \/>\n<meta name=\"twitter:card\" content=\"summary_large_image\" \/>\n<meta name=\"twitter:label1\" content=\"Tiempo de lectura\" \/>\n\t<meta name=\"twitter:data1\" content=\"1 minuto\" \/>\n<script type=\"application\/ld+json\" class=\"yoast-schema-graph\">{\"@context\":\"https:\/\/schema.org\",\"@graph\":[{\"@type\":\"WebPage\",\"@id\":\"https:\/\/paisnaturd.com\/agencia-turistica\/producto\/ruta-del-cacao\/\",\"url\":\"https:\/\/paisnaturd.com\/agencia-turistica\/producto\/ruta-del-cacao\/\",\"name\":\"Ruta del Cacao - Paisnaturd\",\"isPartOf\":{\"@id\":\"https:\/\/paisnaturd.com\/agencia-turistica\/#website\"},\"primaryImageOfPage\":{\"@id\":\"https:\/\/paisnaturd.com\/agencia-turistica\/producto\/ruta-del-cacao\/#primaryimage\"},\"image\":{\"@id\":\"https:\/\/paisnaturd.com\/agencia-turistica\/producto\/ruta-del-cacao\/#primaryimage\"},\"thumbnailUrl\":\"https:\/\/paisnaturd.com\/agencia-turistica\/wp-content\/uploads\/2024\/09\/ruta-cacao-paisnaturd-scaled.jpg\",\"datePublished\":\"2024-09-23T10:18:15+00:00\",\"dateModified\":\"2025-12-17T11:53:23+00:00\",\"breadcrumb\":{\"@id\":\"https:\/\/paisnaturd.com\/agencia-turistica\/producto\/ruta-del-cacao\/#breadcrumb\"},\"inLanguage\":\"es\",\"potentialAction\":[{\"@type\":\"ReadAction\",\"target\":[\"https:\/\/paisnaturd.com\/agencia-turistica\/producto\/ruta-del-cacao\/\"]}]},{\"@type\":\"ImageObject\",\"inLanguage\":\"es\",\"@id\":\"https:\/\/paisnaturd.com\/agencia-turistica\/producto\/ruta-del-cacao\/#primaryimage\",\"url\":\"https:\/\/paisnaturd.com\/agencia-turistica\/wp-content\/uploads\/2024\/09\/ruta-cacao-paisnaturd-scaled.jpg\",\"contentUrl\":\"https:\/\/paisnaturd.com\/agencia-turistica\/wp-content\/uploads\/2024\/09\/ruta-cacao-paisnaturd-scaled.jpg\",\"width\":2560,\"height\":1701,\"caption\":\"cocoa pods, beans and powder on wooden table, top view\"},{\"@type\":\"BreadcrumbList\",\"@id\":\"https:\/\/paisnaturd.com\/agencia-turistica\/producto\/ruta-del-cacao\/#breadcrumb\",\"itemListElement\":[{\"@type\":\"ListItem\",\"position\":1,\"name\":\"Portada\",\"item\":\"https:\/\/paisnaturd.com\/agencia-turistica\/\"},{\"@type\":\"ListItem\",\"position\":2,\"name\":\"Tienda\",\"item\":\"https:\/\/paisnaturd.com\/agencia-turistica\/tienda\/\"},{\"@type\":\"ListItem\",\"position\":3,\"name\":\"Ruta del Cacao\"}]},{\"@type\":\"WebSite\",\"@id\":\"https:\/\/paisnaturd.com\/agencia-turistica\/#website\",\"url\":\"https:\/\/paisnaturd.com\/agencia-turistica\/\",\"name\":\"Paisnaturd\",\"description\":\"Agencia tur\u00edstica PaisnatuRD\",\"publisher\":{\"@id\":\"https:\/\/paisnaturd.com\/agencia-turistica\/#organization\"},\"potentialAction\":[{\"@type\":\"SearchAction\",\"target\":{\"@type\":\"EntryPoint\",\"urlTemplate\":\"https:\/\/paisnaturd.com\/agencia-turistica\/?s={search_term_string}\"},\"query-input\":{\"@type\":\"PropertyValueSpecification\",\"valueRequired\":true,\"valueName\":\"search_term_string\"}}],\"inLanguage\":\"es\"},{\"@type\":\"Organization\",\"@id\":\"https:\/\/paisnaturd.com\/agencia-turistica\/#organization\",\"name\":\"Paisnaturd\",\"url\":\"https:\/\/paisnaturd.com\/agencia-turistica\/\",\"logo\":{\"@type\":\"ImageObject\",\"inLanguage\":\"es\",\"@id\":\"https:\/\/paisnaturd.com\/agencia-turistica\/#\/schema\/logo\/image\/\",\"url\":\"https:\/\/paisnaturd.com\/agencia-turistica\/wp-content\/uploads\/2024\/09\/Logo-Paisnaturd.png\",\"contentUrl\":\"https:\/\/paisnaturd.com\/agencia-turistica\/wp-content\/uploads\/2024\/09\/Logo-Paisnaturd.png\",\"width\":327,\"height\":142,\"caption\":\"Paisnaturd\"},\"image\":{\"@id\":\"https:\/\/paisnaturd.com\/agencia-turistica\/#\/schema\/logo\/image\/\"}}]}<\/script>\n<!-- \/ Yoast SEO plugin. -->","yoast_head_json":{"title":"Ruta del Cacao - Paisnaturd","robots":{"index":"index","follow":"follow","max-snippet":"max-snippet:-1","max-image-preview":"max-image-preview:large","max-video-preview":"max-video-preview:-1"},"canonical":"https:\/\/paisnaturd.com\/agencia-turistica\/producto\/ruta-del-cacao\/","og_locale":"es_ES","og_type":"article","og_title":"Ruta del Cacao - Paisnaturd","og_description":"\u00bfQu\u00e9 es la Ruta del Cacao? Es una experiencia tur\u00edstica que permite a los visitantes conocer de cerca el proceso completo de cultivo y producci\u00f3n del cacao, uno de los productos agr\u00edcolas m\u00e1s importantes del pa\u00eds. En esta ruta, los participantes pueden explorar plantaciones de cacao, aprender sobre su cosecha, fermentaci\u00f3n, secado y elaboraci\u00f3n de [&hellip;]","og_url":"https:\/\/paisnaturd.com\/agencia-turistica\/producto\/ruta-del-cacao\/","og_site_name":"Paisnaturd","article_modified_time":"2025-12-17T11:53:23+00:00","og_image":[{"width":2560,"height":1701,"url":"https:\/\/paisnaturd.com\/agencia-turistica\/wp-content\/uploads\/2024\/09\/ruta-cacao-paisnaturd-scaled.jpg","type":"image\/jpeg"}],"twitter_card":"summary_large_image","twitter_misc":{"Tiempo de lectura":"1 minuto"},"schema":{"@context":"https:\/\/schema.org","@graph":[{"@type":"WebPage","@id":"https:\/\/paisnaturd.com\/agencia-turistica\/producto\/ruta-del-cacao\/","url":"https:\/\/paisnaturd.com\/agencia-turistica\/producto\/ruta-del-cacao\/","name":"Ruta del Cacao - Paisnaturd","isPartOf":{"@id":"https:\/\/paisnaturd.com\/agencia-turistica\/#website"},"primaryImageOfPage":{"@id":"https:\/\/paisnaturd.com\/agencia-turistica\/producto\/ruta-del-cacao\/#primaryimage"},"image":{"@id":"https:\/\/paisnaturd.com\/agencia-turistica\/producto\/ruta-del-cacao\/#primaryimage"},"thumbnailUrl":"https:\/\/paisnaturd.com\/agencia-turistica\/wp-content\/uploads\/2024\/09\/ruta-cacao-paisnaturd-scaled.jpg","datePublished":"2024-09-23T10:18:15+00:00","dateModified":"2025-12-17T11:53:23+00:00","breadcrumb":{"@id":"https:\/\/paisnaturd.com\/agencia-turistica\/producto\/ruta-del-cacao\/#breadcrumb"},"inLanguage":"es","potentialAction":[{"@type":"ReadAction","target":["https:\/\/paisnaturd.com\/agencia-turistica\/producto\/ruta-del-cacao\/"]}]},{"@type":"ImageObject","inLanguage":"es","@id":"https:\/\/paisnaturd.com\/agencia-turistica\/producto\/ruta-del-cacao\/#primaryimage","url":"https:\/\/paisnaturd.com\/agencia-turistica\/wp-content\/uploads\/2024\/09\/ruta-cacao-paisnaturd-scaled.jpg","contentUrl":"https:\/\/paisnaturd.com\/agencia-turistica\/wp-content\/uploads\/2024\/09\/ruta-cacao-paisnaturd-scaled.jpg","width":2560,"height":1701,"caption":"cocoa pods, beans and powder on wooden table, top view"},{"@type":"BreadcrumbList","@id":"https:\/\/paisnaturd.com\/agencia-turistica\/producto\/ruta-del-cacao\/#breadcrumb","itemListElement":[{"@type":"ListItem","position":1,"name":"Portada","item":"https:\/\/paisnaturd.com\/agencia-turistica\/"},{"@type":"ListItem","position":2,"name":"Tienda","item":"https:\/\/paisnaturd.com\/agencia-turistica\/tienda\/"},{"@type":"ListItem","position":3,"name":"Ruta del Cacao"}]},{"@type":"WebSite","@id":"https:\/\/paisnaturd.com\/agencia-turistica\/#website","url":"https:\/\/paisnaturd.com\/agencia-turistica\/","name":"Paisnaturd","description":"Agencia tur\u00edstica PaisnatuRD","publisher":{"@id":"https:\/\/paisnaturd.com\/agencia-turistica\/#organization"},"potentialAction":[{"@type":"SearchAction","target":{"@type":"EntryPoint","urlTemplate":"https:\/\/paisnaturd.com\/agencia-turistica\/?s={search_term_string}"},"query-input":{"@type":"PropertyValueSpecification","valueRequired":true,"valueName":"search_term_string"}}],"inLanguage":"es"},{"@type":"Organization","@id":"https:\/\/paisnaturd.com\/agencia-turistica\/#organization","name":"Paisnaturd","url":"https:\/\/paisnaturd.com\/agencia-turistica\/","logo":{"@type":"ImageObject","inLanguage":"es","@id":"https:\/\/paisnaturd.com\/agencia-turistica\/#\/schema\/logo\/image\/","url":"https:\/\/paisnaturd.com\/agencia-turistica\/wp-content\/uploads\/2024\/09\/Logo-Paisnaturd.png","contentUrl":"https:\/\/paisnaturd.com\/agencia-turistica\/wp-content\/uploads\/2024\/09\/Logo-Paisnaturd.png","width":327,"height":142,"caption":"Paisnaturd"},"image":{"@id":"https:\/\/paisnaturd.com\/agencia-turistica\/#\/schema\/logo\/image\/"}}]}},"_links":{"self":[{"href":"https:\/\/paisnaturd.com\/agencia-turistica\/wp-json\/wp\/v2\/product\/367","targetHints":{"allow":["GET"]}}],"collection":[{"href":"https:\/\/paisnaturd.com\/agencia-turistica\/wp-json\/wp\/v2\/product"}],"about":[{"href":"https:\/\/paisnaturd.com\/agencia-turistica\/wp-json\/wp\/v2\/types\/product"}],"replies":[{"embeddable":true,"href":"https:\/\/paisnaturd.com\/agencia-turistica\/wp-json\/wp\/v2\/comments?post=367"}],"version-history":[{"count":0,"href":"https:\/\/paisnaturd.com\/agencia-turistica\/wp-json\/wp\/v2\/product\/367\/revisions"}],"wp:featuredmedia":[{"embeddable":true,"href":"https:\/\/paisnaturd.com\/agencia-turistica\/wp-json\/wp\/v2\/media\/1259"}],"wp:attachment":[{"href":"https:\/\/paisnaturd.com\/agencia-turistica\/wp-json\/wp\/v2\/media?parent=367"}],"wp:term":[{"taxonomy":"product_brand","embeddable":true,"href":"https:\/\/paisnaturd.com\/agencia-turistica\/wp-json\/wp\/v2\/product_brand?post=367"},{"taxonomy":"product_cat","embeddable":true,"href":"https:\/\/paisnaturd.com\/agencia-turistica\/wp-json\/wp\/v2\/product_cat?post=367"},{"taxonomy":"product_tag","embeddable":true,"href":"https:\/\/paisnaturd.com\/agencia-turistica\/wp-json\/wp\/v2\/product_tag?post=367"}],"curies":[{"name":"wp","href":"https:\/\/api.w.org\/{rel}","templated":true}]}}