{"id":1810,"date":"2025-09-22T16:26:45","date_gmt":"2025-09-22T14:26:45","guid":{"rendered":"https:\/\/paisnaturd.com\/agencia-turistica\/?page_id=1810"},"modified":"2025-12-17T10:53:41","modified_gmt":"2025-12-17T09:53:41","slug":"eventos","status":"publish","type":"page","link":"https:\/\/paisnaturd.com\/agencia-turistica\/eventos\/","title":{"rendered":"Eventos"},"content":{"rendered":"\t\t<div data-elementor-type=\"wp-page\" data-elementor-id=\"1810\" class=\"elementor elementor-1810\" data-elementor-post-type=\"page\">\n\t\t\t\t<div class=\"elementor-element elementor-element-e87827b e-flex e-con-boxed e-con e-parent\" data-id=\"e87827b\" data-element_type=\"container\" data-settings=\"{&quot;background_background&quot;:&quot;slideshow&quot;,&quot;background_slideshow_gallery&quot;:[{&quot;id&quot;:1815,&quot;url&quot;:&quot;https:\\\/\\\/paisnaturd.com\\\/agencia-turistica\\\/wp-content\\\/uploads\\\/2025\\\/09\\\/Eventos-de-Republica-Domicana-scaled.jpg&quot;}],&quot;background_slideshow_loop&quot;:&quot;yes&quot;,&quot;background_slideshow_slide_duration&quot;:5000,&quot;background_slideshow_slide_transition&quot;:&quot;fade&quot;,&quot;background_slideshow_transition_duration&quot;:500}\">\n\t\t\t\t\t<div class=\"e-con-inner\">\n\t\t\t\t<div class=\"elementor-element elementor-element-0927739 elementor-widget elementor-widget-heading\" data-id=\"0927739\" data-element_type=\"widget\" data-widget_type=\"heading.default\">\n\t\t\t\t<div class=\"elementor-widget-container\">\n\t\t\t\t\t<h2 class=\"elementor-heading-title elementor-size-default\">Eventos<\/h2>\t\t\t\t<\/div>\n\t\t\t\t<\/div>\n\t\t\t\t<div class=\"elementor-element elementor-element-a0f5443 elementor-widget elementor-widget-heading\" data-id=\"a0f5443\" data-element_type=\"widget\" data-widget_type=\"heading.default\">\n\t\t\t\t<div class=\"elementor-widget-container\">\n\t\t\t\t\t<h2 class=\"elementor-heading-title elementor-size-default\">Descubre los eventos m\u00e1s importantes de Rep\u00fablica Dominicana<\/h2>\t\t\t\t<\/div>\n\t\t\t\t<\/div>\n\t\t\t\t\t<\/div>\n\t\t\t\t<\/div>\n\t\t<div class=\"elementor-element elementor-element-68af976 e-flex e-con-boxed e-con e-parent\" data-id=\"68af976\" data-element_type=\"container\" data-settings=\"{&quot;background_background&quot;:&quot;classic&quot;}\">\n\t\t\t\t\t<div class=\"e-con-inner\">\n\t\t<div class=\"elementor-element elementor-element-984440e e-con-full e-flex e-con e-child\" data-id=\"984440e\" data-element_type=\"container\">\n\t\t\t\t<div class=\"elementor-element elementor-element-35f99a0 elementor-widget elementor-widget-heading\" data-id=\"35f99a0\" data-element_type=\"widget\" data-widget_type=\"heading.default\">\n\t\t\t\t<div class=\"elementor-widget-container\">\n\t\t\t\t\t<h2 class=\"elementor-heading-title elementor-size-default\">Feria de la Piedra nacional Dominicana<\/h2>\t\t\t\t<\/div>\n\t\t\t\t<\/div>\n\t\t\t\t<div class=\"elementor-element elementor-element-0342ca1 elementor-widget elementor-widget-text-editor\" data-id=\"0342ca1\" data-element_type=\"widget\" data-widget_type=\"text-editor.default\">\n\t\t\t\t<div class=\"elementor-widget-container\">\n\t\t\t\t\t\t\t\t\t<p>\u00a1Descubre el misterio de la piedra azul!!!<\/p><p>El Larimar es una gema semipreciosa declarada \u201cPiedra Nacional\u201d de la Rep\u00fablica Dominicana.<\/p><p>Nuestra feria pretende dar a conocer al mercado tur\u00edstico europeo las caracter\u00edsticas de esta piedra que representa un atributo \u00fanico de belleza, mediante una exposici\u00f3n en la que presentaremos los distintos tipos y colores del Larimar.<\/p>\t\t\t\t\t\t\t\t<\/div>\n\t\t\t\t<\/div>\n\t\t\t\t<\/div>\n\t\t<div class=\"elementor-element elementor-element-ad0350b e-con-full e-flex e-con e-child\" data-id=\"ad0350b\" data-element_type=\"container\">\n\t\t\t\t<div class=\"elementor-element elementor-element-3b0bed4 elementor-widget elementor-widget-image\" data-id=\"3b0bed4\" data-element_type=\"widget\" data-widget_type=\"image.default\">\n\t\t\t\t<div class=\"elementor-widget-container\">\n\t\t\t\t\t\t\t\t\t\t\t\t\t\t\t<img decoding=\"async\" width=\"800\" height=\"469\" src=\"https:\/\/paisnaturd.com\/agencia-turistica\/wp-content\/uploads\/2025\/09\/Feria-de-la-Piedra-Nacional-Dominicana.jpg\" class=\"attachment-large size-large wp-image-1816\" alt=\"\" srcset=\"https:\/\/paisnaturd.com\/agencia-turistica\/wp-content\/uploads\/2025\/09\/Feria-de-la-Piedra-Nacional-Dominicana.jpg 1024w, https:\/\/paisnaturd.com\/agencia-turistica\/wp-content\/uploads\/2025\/09\/Feria-de-la-Piedra-Nacional-Dominicana-300x176.jpg 300w, https:\/\/paisnaturd.com\/agencia-turistica\/wp-content\/uploads\/2025\/09\/Feria-de-la-Piedra-Nacional-Dominicana-768x450.jpg 768w, https:\/\/paisnaturd.com\/agencia-turistica\/wp-content\/uploads\/2025\/09\/Feria-de-la-Piedra-Nacional-Dominicana-600x352.jpg 600w\" sizes=\"(max-width: 800px) 100vw, 800px\" \/>\t\t\t\t\t\t\t\t\t\t\t\t\t\t\t<\/div>\n\t\t\t\t<\/div>\n\t\t\t\t<\/div>\n\t\t\t\t\t<\/div>\n\t\t\t\t<\/div>\n\t\t<div class=\"elementor-element elementor-element-e1111da e-flex e-con-boxed e-con e-parent\" data-id=\"e1111da\" data-element_type=\"container\">\n\t\t\t\t\t<div class=\"e-con-inner\">\n\t\t<div class=\"elementor-element elementor-element-163a6b3 e-con-full e-flex e-con e-child\" data-id=\"163a6b3\" data-element_type=\"container\">\n\t\t\t\t<div class=\"elementor-element elementor-element-1f12c12 elementor-widget elementor-widget-image\" data-id=\"1f12c12\" data-element_type=\"widget\" data-widget_type=\"image.default\">\n\t\t\t\t<div class=\"elementor-widget-container\">\n\t\t\t\t\t\t\t\t\t\t\t\t\t\t\t<img decoding=\"async\" width=\"800\" height=\"469\" src=\"https:\/\/paisnaturd.com\/agencia-turistica\/wp-content\/uploads\/2025\/09\/Feria-del-Mango-Dominicano.jpg\" class=\"attachment-large size-large wp-image-1817\" alt=\"\" srcset=\"https:\/\/paisnaturd.com\/agencia-turistica\/wp-content\/uploads\/2025\/09\/Feria-del-Mango-Dominicano.jpg 1024w, https:\/\/paisnaturd.com\/agencia-turistica\/wp-content\/uploads\/2025\/09\/Feria-del-Mango-Dominicano-300x176.jpg 300w, https:\/\/paisnaturd.com\/agencia-turistica\/wp-content\/uploads\/2025\/09\/Feria-del-Mango-Dominicano-768x450.jpg 768w, https:\/\/paisnaturd.com\/agencia-turistica\/wp-content\/uploads\/2025\/09\/Feria-del-Mango-Dominicano-600x352.jpg 600w\" sizes=\"(max-width: 800px) 100vw, 800px\" \/>\t\t\t\t\t\t\t\t\t\t\t\t\t\t\t<\/div>\n\t\t\t\t<\/div>\n\t\t\t\t<\/div>\n\t\t<div class=\"elementor-element elementor-element-0354ede e-con-full e-flex e-con e-child\" data-id=\"0354ede\" data-element_type=\"container\">\n\t\t\t\t<div class=\"elementor-element elementor-element-bdda005 elementor-widget elementor-widget-heading\" data-id=\"bdda005\" data-element_type=\"widget\" data-widget_type=\"heading.default\">\n\t\t\t\t<div class=\"elementor-widget-container\">\n\t\t\t\t\t<h2 class=\"elementor-heading-title elementor-size-default\">Feria del Mango Dominicano<\/h2>\t\t\t\t<\/div>\n\t\t\t\t<\/div>\n\t\t\t\t<div class=\"elementor-element elementor-element-0330ddc elementor-widget elementor-widget-text-editor\" data-id=\"0330ddc\" data-element_type=\"widget\" data-widget_type=\"text-editor.default\">\n\t\t\t\t<div class=\"elementor-widget-container\">\n\t\t\t\t\t\t\t\t\t<p>Una fiesta cultural cargada de sabor, que permitir\u00e1 a los productores y vendedores locales conocer todo lo relacionado a esta sabrosa fruta tropical, de sabor agradable, rica en magnesio, vitaminas A y C, que la convierte en una fruta exquisita.<\/p><p>Hay innumerables variedades, \u00bfte animas a probarlas?<\/p>\t\t\t\t\t\t\t\t<\/div>\n\t\t\t\t<\/div>\n\t\t\t\t<\/div>\n\t\t\t\t\t<\/div>\n\t\t\t\t<\/div>\n\t\t<div class=\"elementor-element elementor-element-bc5f784 e-flex e-con-boxed e-con e-parent\" data-id=\"bc5f784\" data-element_type=\"container\" data-settings=\"{&quot;background_background&quot;:&quot;classic&quot;}\">\n\t\t\t\t\t<div class=\"e-con-inner\">\n\t\t<div class=\"elementor-element elementor-element-3e71953 e-con-full e-flex e-con e-child\" data-id=\"3e71953\" data-element_type=\"container\">\n\t\t\t\t<div class=\"elementor-element elementor-element-00f31f0 elementor-widget elementor-widget-heading\" data-id=\"00f31f0\" data-element_type=\"widget\" data-widget_type=\"heading.default\">\n\t\t\t\t<div class=\"elementor-widget-container\">\n\t\t\t\t\t<h2 class=\"elementor-heading-title elementor-size-default\">Feria Gastron\u00f3mica<\/h2>\t\t\t\t<\/div>\n\t\t\t\t<\/div>\n\t\t\t\t<div class=\"elementor-element elementor-element-8d80c36 elementor-widget elementor-widget-text-editor\" data-id=\"8d80c36\" data-element_type=\"widget\" data-widget_type=\"text-editor.default\">\n\t\t\t\t<div class=\"elementor-widget-container\">\n\t\t\t\t\t\t\t\t\t<p>Rep\u00fablica Dominicana es conocida como la capital Gastron\u00f3mica del Caribe.<\/p><p>Ser\u00e1s protagonistas de un evento significativo que sin lugar a dudas marcara un precedente en tu gusto gastron\u00f3mico, donde de la mano de los mejores cocineros que deleitaran el paladar del comensal m\u00e1s exigente, resaltando nuestros productos locales.<\/p><p>Todo un festival para hace homenaje a nuestra cocina con degustaciones de nuestros platos m\u00e1s t\u00edpicos y por supuesto presentaciones art\u00edsticas.<\/p>\t\t\t\t\t\t\t\t<\/div>\n\t\t\t\t<\/div>\n\t\t\t\t<\/div>\n\t\t<div class=\"elementor-element elementor-element-5f7319a e-con-full e-flex e-con e-child\" data-id=\"5f7319a\" data-element_type=\"container\">\n\t\t\t\t<div class=\"elementor-element elementor-element-b8c2eed elementor-widget elementor-widget-image\" data-id=\"b8c2eed\" data-element_type=\"widget\" data-widget_type=\"image.default\">\n\t\t\t\t<div class=\"elementor-widget-container\">\n\t\t\t\t\t\t\t\t\t\t\t\t\t\t\t<img decoding=\"async\" width=\"800\" height=\"469\" src=\"https:\/\/paisnaturd.com\/agencia-turistica\/wp-content\/uploads\/2025\/09\/Feria-Gastronomica.jpg\" class=\"attachment-large size-large wp-image-1818\" alt=\"\" srcset=\"https:\/\/paisnaturd.com\/agencia-turistica\/wp-content\/uploads\/2025\/09\/Feria-Gastronomica.jpg 1024w, https:\/\/paisnaturd.com\/agencia-turistica\/wp-content\/uploads\/2025\/09\/Feria-Gastronomica-300x176.jpg 300w, https:\/\/paisnaturd.com\/agencia-turistica\/wp-content\/uploads\/2025\/09\/Feria-Gastronomica-768x450.jpg 768w, https:\/\/paisnaturd.com\/agencia-turistica\/wp-content\/uploads\/2025\/09\/Feria-Gastronomica-600x352.jpg 600w\" sizes=\"(max-width: 800px) 100vw, 800px\" \/>\t\t\t\t\t\t\t\t\t\t\t\t\t\t\t<\/div>\n\t\t\t\t<\/div>\n\t\t\t\t<\/div>\n\t\t\t\t\t<\/div>\n\t\t\t\t<\/div>\n\t\t<div class=\"elementor-element elementor-element-e42aa16 e-flex e-con-boxed e-con e-parent\" data-id=\"e42aa16\" data-element_type=\"container\">\n\t\t\t\t\t<div class=\"e-con-inner\">\n\t\t<div class=\"elementor-element elementor-element-f710ef2 e-con-full e-flex e-con e-child\" data-id=\"f710ef2\" data-element_type=\"container\">\n\t\t\t\t<div class=\"elementor-element elementor-element-c9d8ace elementor-arrows-position-inside elementor-pagination-position-outside elementor-widget elementor-widget-image-carousel\" data-id=\"c9d8ace\" data-element_type=\"widget\" data-settings=\"{&quot;slides_to_show&quot;:&quot;1&quot;,&quot;navigation&quot;:&quot;both&quot;,&quot;autoplay&quot;:&quot;yes&quot;,&quot;pause_on_hover&quot;:&quot;yes&quot;,&quot;pause_on_interaction&quot;:&quot;yes&quot;,&quot;autoplay_speed&quot;:5000,&quot;infinite&quot;:&quot;yes&quot;,&quot;effect&quot;:&quot;slide&quot;,&quot;speed&quot;:500}\" data-widget_type=\"image-carousel.default\">\n\t\t\t\t<div class=\"elementor-widget-container\">\n\t\t\t\t\t\t\t<div class=\"elementor-image-carousel-wrapper swiper\" role=\"region\" aria-roledescription=\"carousel\" aria-label=\"Carrusel de im\u00e1genes\" dir=\"ltr\">\n\t\t\t<div class=\"elementor-image-carousel swiper-wrapper\" aria-live=\"off\">\n\t\t\t\t\t\t\t\t<div class=\"swiper-slide\" role=\"group\" aria-roledescription=\"slide\" aria-label=\"1 de 3\"><figure class=\"swiper-slide-inner\"><img decoding=\"async\" class=\"swiper-slide-image\" src=\"https:\/\/paisnaturd.com\/agencia-turistica\/wp-content\/uploads\/2025\/09\/Feria-del-Cacao-Dominicano-03.jpg\" alt=\"Feria-del-Cacao-Dominicano-03\" \/><\/figure><\/div><div class=\"swiper-slide\" role=\"group\" aria-roledescription=\"slide\" aria-label=\"2 de 3\"><figure class=\"swiper-slide-inner\"><img decoding=\"async\" class=\"swiper-slide-image\" src=\"https:\/\/paisnaturd.com\/agencia-turistica\/wp-content\/uploads\/2025\/09\/Feria-del-Cacao-Dominicano-02-1.jpg\" alt=\"Feria-del-Cacao-Dominicano-02-1\" \/><\/figure><\/div><div class=\"swiper-slide\" role=\"group\" aria-roledescription=\"slide\" aria-label=\"3 de 3\"><figure class=\"swiper-slide-inner\"><img decoding=\"async\" class=\"swiper-slide-image\" src=\"https:\/\/paisnaturd.com\/agencia-turistica\/wp-content\/uploads\/2025\/09\/Feria-del-Cacao-Dominicano-1.jpg\" alt=\"Feria-del-Cacao-Dominicano-1\" \/><\/figure><\/div>\t\t\t<\/div>\n\t\t\t\t\t\t\t\t\t\t\t\t<div class=\"elementor-swiper-button elementor-swiper-button-prev\" role=\"button\" tabindex=\"0\">\n\t\t\t\t\t\t<i aria-hidden=\"true\" class=\"eicon-chevron-left\"><\/i>\t\t\t\t\t<\/div>\n\t\t\t\t\t<div class=\"elementor-swiper-button elementor-swiper-button-next\" role=\"button\" tabindex=\"0\">\n\t\t\t\t\t\t<i aria-hidden=\"true\" class=\"eicon-chevron-right\"><\/i>\t\t\t\t\t<\/div>\n\t\t\t\t\n\t\t\t\t\t\t\t\t\t<div class=\"swiper-pagination\"><\/div>\n\t\t\t\t\t\t\t\t\t<\/div>\n\t\t\t\t\t\t<\/div>\n\t\t\t\t<\/div>\n\t\t\t\t<\/div>\n\t\t<div class=\"elementor-element elementor-element-bd87895 e-con-full e-flex e-con e-child\" data-id=\"bd87895\" data-element_type=\"container\">\n\t\t\t\t<div class=\"elementor-element elementor-element-583f3e0 elementor-widget elementor-widget-heading\" data-id=\"583f3e0\" data-element_type=\"widget\" data-widget_type=\"heading.default\">\n\t\t\t\t<div class=\"elementor-widget-container\">\n\t\t\t\t\t<h2 class=\"elementor-heading-title elementor-size-default\">Feria del Cacao Dominicano<\/h2>\t\t\t\t<\/div>\n\t\t\t\t<\/div>\n\t\t\t\t<div class=\"elementor-element elementor-element-7027332 elementor-widget elementor-widget-text-editor\" data-id=\"7027332\" data-element_type=\"widget\" data-widget_type=\"text-editor.default\">\n\t\t\t\t<div class=\"elementor-widget-container\">\n\t\t\t\t\t\t\t\t\t<p>\u00a1Un producto gourmet en La Rep\u00fablica Dominicana!!!<\/p><p>Un evento cumbre en la industria del chocolate, donde importantes productores nacionales podr\u00e1n exhibir a grandes conocidos profesionales la posibilidad de evaluar y degustar nuestro producto de alta calidad, un cacao org\u00e1nico producido en terrenos agro-ecol\u00f3gico, sin utilizar herbicidas ni abonos qu\u00edmicos.<\/p>\t\t\t\t\t\t\t\t<\/div>\n\t\t\t\t<\/div>\n\t\t\t\t<\/div>\n\t\t\t\t\t<\/div>\n\t\t\t\t<\/div>\n\t\t<div class=\"elementor-element elementor-element-53534ad e-flex e-con-boxed e-con e-parent\" data-id=\"53534ad\" data-element_type=\"container\" data-settings=\"{&quot;background_background&quot;:&quot;classic&quot;}\">\n\t\t\t\t\t<div class=\"e-con-inner\">\n\t\t<div class=\"elementor-element elementor-element-c947f67 e-con-full e-flex e-con e-child\" data-id=\"c947f67\" data-element_type=\"container\">\n\t\t\t\t<div class=\"elementor-element elementor-element-5ce794b elementor-widget elementor-widget-text-editor\" data-id=\"5ce794b\" data-element_type=\"widget\" data-widget_type=\"text-editor.default\">\n\t\t\t\t<div class=\"elementor-widget-container\">\n\t\t\t\t\t\t\t\t\t<p>Descubre las novedades de los eventos y ferias m\u00e1s importantes de Rep\u00fablica Dominicana en nuestro blog<\/p>\t\t\t\t\t\t\t\t<\/div>\n\t\t\t\t<\/div>\n\t\t\t\t<\/div>\n\t\t<div class=\"elementor-element elementor-element-f40e78d e-con-full e-flex e-con e-child\" data-id=\"f40e78d\" data-element_type=\"container\">\n\t\t\t\t<div class=\"elementor-element elementor-element-10c71ca elementor-widget elementor-widget-button\" data-id=\"10c71ca\" data-element_type=\"widget\" data-widget_type=\"button.default\">\n\t\t\t\t<div class=\"elementor-widget-container\">\n\t\t\t\t\t\t\t\t\t<div class=\"elementor-button-wrapper\">\n\t\t\t\t\t<a class=\"elementor-button elementor-button-link elementor-size-sm\" href=\"#\">\n\t\t\t\t\t\t<span class=\"elementor-button-content-wrapper\">\n\t\t\t\t\t\t\t\t\t<span class=\"elementor-button-text\">Quiero conocer m\u00e1s<\/span>\n\t\t\t\t\t<\/span>\n\t\t\t\t\t<\/a>\n\t\t\t\t<\/div>\n\t\t\t\t\t\t\t\t<\/div>\n\t\t\t\t<\/div>\n\t\t\t\t<\/div>\n\t\t\t\t\t<\/div>\n\t\t\t\t<\/div>\n\t\t\t\t<\/div>\n\t\t","protected":false},"excerpt":{"rendered":"<p>Eventos Descubre los eventos m\u00e1s importantes de Rep\u00fablica Dominicana Feria de la Piedra nacional Dominicana \u00a1Descubre el misterio de la piedra azul!!! El Larimar es una gema semipreciosa declarada \u201cPiedra Nacional\u201d de la Rep\u00fablica Dominicana. Nuestra feria pretende dar a conocer al mercado tur\u00edstico europeo las caracter\u00edsticas de esta piedra que representa un atributo \u00fanico [&hellip;]<\/p>\n","protected":false},"author":4,"featured_media":0,"parent":0,"menu_order":0,"comment_status":"closed","ping_status":"closed","template":"","meta":{"_acf_changed":false,"inline_featured_image":false,"footnotes":""},"class_list":["post-1810","page","type-page","status-publish","hentry"],"acf":[],"yoast_head":"<!-- This site is optimized with the Yoast SEO plugin v26.6 - https:\/\/yoast.com\/wordpress\/plugins\/seo\/ -->\n<title>Eventos - Paisnaturd<\/title>\n<meta name=\"robots\" content=\"index, follow, max-snippet:-1, max-image-preview:large, max-video-preview:-1\" \/>\n<link rel=\"canonical\" href=\"https:\/\/paisnaturd.com\/agencia-turistica\/eventos\/\" \/>\n<meta property=\"og:locale\" content=\"es_ES\" \/>\n<meta property=\"og:type\" content=\"article\" \/>\n<meta property=\"og:title\" content=\"Eventos - Paisnaturd\" \/>\n<meta property=\"og:description\" content=\"Eventos Descubre los eventos m\u00e1s importantes de Rep\u00fablica Dominicana Feria de la Piedra nacional Dominicana \u00a1Descubre el misterio de la piedra azul!!! El Larimar es una gema semipreciosa declarada \u201cPiedra Nacional\u201d de la Rep\u00fablica Dominicana. Nuestra feria pretende dar a conocer al mercado tur\u00edstico europeo las caracter\u00edsticas de esta piedra que representa un atributo \u00fanico [&hellip;]\" \/>\n<meta property=\"og:url\" content=\"https:\/\/paisnaturd.com\/agencia-turistica\/eventos\/\" \/>\n<meta property=\"og:site_name\" content=\"Paisnaturd\" \/>\n<meta property=\"article:modified_time\" content=\"2025-12-17T09:53:41+00:00\" \/>\n<meta property=\"og:image\" content=\"https:\/\/paisnaturd.com\/agencia-turistica\/wp-content\/uploads\/2025\/09\/Feria-de-la-Piedra-Nacional-Dominicana.jpg\" \/>\n\t<meta property=\"og:image:width\" content=\"1024\" \/>\n\t<meta property=\"og:image:height\" content=\"600\" \/>\n\t<meta property=\"og:image:type\" content=\"image\/jpeg\" \/>\n<meta name=\"twitter:card\" content=\"summary_large_image\" \/>\n<meta name=\"twitter:label1\" content=\"Tiempo de lectura\" \/>\n\t<meta name=\"twitter:data1\" content=\"3 minutos\" \/>\n<script type=\"application\/ld+json\" class=\"yoast-schema-graph\">{\"@context\":\"https:\/\/schema.org\",\"@graph\":[{\"@type\":\"WebPage\",\"@id\":\"https:\/\/paisnaturd.com\/agencia-turistica\/eventos\/\",\"url\":\"https:\/\/paisnaturd.com\/agencia-turistica\/eventos\/\",\"name\":\"Eventos - Paisnaturd\",\"isPartOf\":{\"@id\":\"https:\/\/paisnaturd.com\/agencia-turistica\/#website\"},\"primaryImageOfPage\":{\"@id\":\"https:\/\/paisnaturd.com\/agencia-turistica\/eventos\/#primaryimage\"},\"image\":{\"@id\":\"https:\/\/paisnaturd.com\/agencia-turistica\/eventos\/#primaryimage\"},\"thumbnailUrl\":\"https:\/\/paisnaturd.com\/agencia-turistica\/wp-content\/uploads\/2025\/09\/Feria-de-la-Piedra-Nacional-Dominicana.jpg\",\"datePublished\":\"2025-09-22T14:26:45+00:00\",\"dateModified\":\"2025-12-17T09:53:41+00:00\",\"breadcrumb\":{\"@id\":\"https:\/\/paisnaturd.com\/agencia-turistica\/eventos\/#breadcrumb\"},\"inLanguage\":\"es\",\"potentialAction\":[{\"@type\":\"ReadAction\",\"target\":[\"https:\/\/paisnaturd.com\/agencia-turistica\/eventos\/\"]}]},{\"@type\":\"ImageObject\",\"inLanguage\":\"es\",\"@id\":\"https:\/\/paisnaturd.com\/agencia-turistica\/eventos\/#primaryimage\",\"url\":\"https:\/\/paisnaturd.com\/agencia-turistica\/wp-content\/uploads\/2025\/09\/Feria-de-la-Piedra-Nacional-Dominicana.jpg\",\"contentUrl\":\"https:\/\/paisnaturd.com\/agencia-turistica\/wp-content\/uploads\/2025\/09\/Feria-de-la-Piedra-Nacional-Dominicana.jpg\",\"width\":1024,\"height\":600},{\"@type\":\"BreadcrumbList\",\"@id\":\"https:\/\/paisnaturd.com\/agencia-turistica\/eventos\/#breadcrumb\",\"itemListElement\":[{\"@type\":\"ListItem\",\"position\":1,\"name\":\"Portada\",\"item\":\"https:\/\/paisnaturd.com\/agencia-turistica\/\"},{\"@type\":\"ListItem\",\"position\":2,\"name\":\"Eventos\"}]},{\"@type\":\"WebSite\",\"@id\":\"https:\/\/paisnaturd.com\/agencia-turistica\/#website\",\"url\":\"https:\/\/paisnaturd.com\/agencia-turistica\/\",\"name\":\"Paisnaturd\",\"description\":\"Agencia tur\u00edstica PaisnatuRD\",\"publisher\":{\"@id\":\"https:\/\/paisnaturd.com\/agencia-turistica\/#organization\"},\"potentialAction\":[{\"@type\":\"SearchAction\",\"target\":{\"@type\":\"EntryPoint\",\"urlTemplate\":\"https:\/\/paisnaturd.com\/agencia-turistica\/?s={search_term_string}\"},\"query-input\":{\"@type\":\"PropertyValueSpecification\",\"valueRequired\":true,\"valueName\":\"search_term_string\"}}],\"inLanguage\":\"es\"},{\"@type\":\"Organization\",\"@id\":\"https:\/\/paisnaturd.com\/agencia-turistica\/#organization\",\"name\":\"Paisnaturd\",\"url\":\"https:\/\/paisnaturd.com\/agencia-turistica\/\",\"logo\":{\"@type\":\"ImageObject\",\"inLanguage\":\"es\",\"@id\":\"https:\/\/paisnaturd.com\/agencia-turistica\/#\/schema\/logo\/image\/\",\"url\":\"https:\/\/paisnaturd.com\/agencia-turistica\/wp-content\/uploads\/2024\/09\/Logo-Paisnaturd.png\",\"contentUrl\":\"https:\/\/paisnaturd.com\/agencia-turistica\/wp-content\/uploads\/2024\/09\/Logo-Paisnaturd.png\",\"width\":327,\"height\":142,\"caption\":\"Paisnaturd\"},\"image\":{\"@id\":\"https:\/\/paisnaturd.com\/agencia-turistica\/#\/schema\/logo\/image\/\"}}]}<\/script>\n<!-- \/ Yoast SEO plugin. -->","yoast_head_json":{"title":"Eventos - Paisnaturd","robots":{"index":"index","follow":"follow","max-snippet":"max-snippet:-1","max-image-preview":"max-image-preview:large","max-video-preview":"max-video-preview:-1"},"canonical":"https:\/\/paisnaturd.com\/agencia-turistica\/eventos\/","og_locale":"es_ES","og_type":"article","og_title":"Eventos - Paisnaturd","og_description":"Eventos Descubre los eventos m\u00e1s importantes de Rep\u00fablica Dominicana Feria de la Piedra nacional Dominicana \u00a1Descubre el misterio de la piedra azul!!! El Larimar es una gema semipreciosa declarada \u201cPiedra Nacional\u201d de la Rep\u00fablica Dominicana. Nuestra feria pretende dar a conocer al mercado tur\u00edstico europeo las caracter\u00edsticas de esta piedra que representa un atributo \u00fanico [&hellip;]","og_url":"https:\/\/paisnaturd.com\/agencia-turistica\/eventos\/","og_site_name":"Paisnaturd","article_modified_time":"2025-12-17T09:53:41+00:00","og_image":[{"width":1024,"height":600,"url":"https:\/\/paisnaturd.com\/agencia-turistica\/wp-content\/uploads\/2025\/09\/Feria-de-la-Piedra-Nacional-Dominicana.jpg","type":"image\/jpeg"}],"twitter_card":"summary_large_image","twitter_misc":{"Tiempo de lectura":"3 minutos"},"schema":{"@context":"https:\/\/schema.org","@graph":[{"@type":"WebPage","@id":"https:\/\/paisnaturd.com\/agencia-turistica\/eventos\/","url":"https:\/\/paisnaturd.com\/agencia-turistica\/eventos\/","name":"Eventos - Paisnaturd","isPartOf":{"@id":"https:\/\/paisnaturd.com\/agencia-turistica\/#website"},"primaryImageOfPage":{"@id":"https:\/\/paisnaturd.com\/agencia-turistica\/eventos\/#primaryimage"},"image":{"@id":"https:\/\/paisnaturd.com\/agencia-turistica\/eventos\/#primaryimage"},"thumbnailUrl":"https:\/\/paisnaturd.com\/agencia-turistica\/wp-content\/uploads\/2025\/09\/Feria-de-la-Piedra-Nacional-Dominicana.jpg","datePublished":"2025-09-22T14:26:45+00:00","dateModified":"2025-12-17T09:53:41+00:00","breadcrumb":{"@id":"https:\/\/paisnaturd.com\/agencia-turistica\/eventos\/#breadcrumb"},"inLanguage":"es","potentialAction":[{"@type":"ReadAction","target":["https:\/\/paisnaturd.com\/agencia-turistica\/eventos\/"]}]},{"@type":"ImageObject","inLanguage":"es","@id":"https:\/\/paisnaturd.com\/agencia-turistica\/eventos\/#primaryimage","url":"https:\/\/paisnaturd.com\/agencia-turistica\/wp-content\/uploads\/2025\/09\/Feria-de-la-Piedra-Nacional-Dominicana.jpg","contentUrl":"https:\/\/paisnaturd.com\/agencia-turistica\/wp-content\/uploads\/2025\/09\/Feria-de-la-Piedra-Nacional-Dominicana.jpg","width":1024,"height":600},{"@type":"BreadcrumbList","@id":"https:\/\/paisnaturd.com\/agencia-turistica\/eventos\/#breadcrumb","itemListElement":[{"@type":"ListItem","position":1,"name":"Portada","item":"https:\/\/paisnaturd.com\/agencia-turistica\/"},{"@type":"ListItem","position":2,"name":"Eventos"}]},{"@type":"WebSite","@id":"https:\/\/paisnaturd.com\/agencia-turistica\/#website","url":"https:\/\/paisnaturd.com\/agencia-turistica\/","name":"Paisnaturd","description":"Agencia tur\u00edstica PaisnatuRD","publisher":{"@id":"https:\/\/paisnaturd.com\/agencia-turistica\/#organization"},"potentialAction":[{"@type":"SearchAction","target":{"@type":"EntryPoint","urlTemplate":"https:\/\/paisnaturd.com\/agencia-turistica\/?s={search_term_string}"},"query-input":{"@type":"PropertyValueSpecification","valueRequired":true,"valueName":"search_term_string"}}],"inLanguage":"es"},{"@type":"Organization","@id":"https:\/\/paisnaturd.com\/agencia-turistica\/#organization","name":"Paisnaturd","url":"https:\/\/paisnaturd.com\/agencia-turistica\/","logo":{"@type":"ImageObject","inLanguage":"es","@id":"https:\/\/paisnaturd.com\/agencia-turistica\/#\/schema\/logo\/image\/","url":"https:\/\/paisnaturd.com\/agencia-turistica\/wp-content\/uploads\/2024\/09\/Logo-Paisnaturd.png","contentUrl":"https:\/\/paisnaturd.com\/agencia-turistica\/wp-content\/uploads\/2024\/09\/Logo-Paisnaturd.png","width":327,"height":142,"caption":"Paisnaturd"},"image":{"@id":"https:\/\/paisnaturd.com\/agencia-turistica\/#\/schema\/logo\/image\/"}}]}},"_links":{"self":[{"href":"https:\/\/paisnaturd.com\/agencia-turistica\/wp-json\/wp\/v2\/pages\/1810","targetHints":{"allow":["GET"]}}],"collection":[{"href":"https:\/\/paisnaturd.com\/agencia-turistica\/wp-json\/wp\/v2\/pages"}],"about":[{"href":"https:\/\/paisnaturd.com\/agencia-turistica\/wp-json\/wp\/v2\/types\/page"}],"author":[{"embeddable":true,"href":"https:\/\/paisnaturd.com\/agencia-turistica\/wp-json\/wp\/v2\/users\/4"}],"replies":[{"embeddable":true,"href":"https:\/\/paisnaturd.com\/agencia-turistica\/wp-json\/wp\/v2\/comments?post=1810"}],"version-history":[{"count":25,"href":"https:\/\/paisnaturd.com\/agencia-turistica\/wp-json\/wp\/v2\/pages\/1810\/revisions"}],"predecessor-version":[{"id":2005,"href":"https:\/\/paisnaturd.com\/agencia-turistica\/wp-json\/wp\/v2\/pages\/1810\/revisions\/2005"}],"wp:attachment":[{"href":"https:\/\/paisnaturd.com\/agencia-turistica\/wp-json\/wp\/v2\/media?parent=1810"}],"curies":[{"name":"wp","href":"https:\/\/api.w.org\/{rel}","templated":true}]}}